{"id":2902,"date":"2022-11-17T14:04:19","date_gmt":"2022-11-17T13:04:19","guid":{"rendered":"https:\/\/embega.es\/embega\/hatz-bakar-batera\/produktuak\/berogailu-inprimatuak\/"},"modified":"2023-08-24T10:49:48","modified_gmt":"2023-08-24T08:49:48","slug":"berogailu-inprimatuak","status":"publish","type":"page","link":"https:\/\/embega.es\/eu\/embega\/hatz-bakar-batera\/produktuak\/berogailu-inprimatuak\/","title":{"rendered":"Berogailu inprimatuak"},"content":{"rendered":"\n<a href=\"https:\/\/embega.es\/eu\/\">Embega<\/a> \/ <a href=\"https:\/\/embega.es\/eu\/embega\/hatz-bakar-batera\/\">Al alcance del dedo<\/a> \/ <a href=\"https:\/\/embega.es\/eu\/embega\/hatz-bakar-batera\/produktuak\/\">Productos<\/a> \/ Calefactores impresos\n\t\t<h1>\n\t\t\tTeclado de membrana\n\t\t<\/h1>\n\t\t\t<p>Calentadores flexibles impresos<br>personalizados<\/p>\t\t\n\t<p>Las tecnolog\u00edas de calefacci\u00f3n el\u00e9ctrica se utilizan desde hace muchos a\u00f1os y est\u00e1n integradas en una gran variedad de productos. En Embega, proponemos una soluci\u00f3n basada en calefactores impresos con tintas funcionales, ofreciendo una alternativa compacta, ligera, flexible y de bajo coste.<\/p>\n<p>Gracias a nuestra experiencia en el dise\u00f1o y fabricaci\u00f3n de este tipo de dispositivos, se pueden desarrollar calentadores flexibles impresos personalizados con par\u00e1metros de funcionamiento espec\u00edficos seg\u00fan los requisitos del usuario.<\/p>\n\t\t\t\t<img decoding=\"async\" src=\"https:\/\/embega.es\/wp-content\/uploads\/2022\/11\/electronica-impresa-calefactores-impresos-01.jpg\" alt=\"electronica-impresa-calefactores-impresos-01\" itemprop=\"image\" height=\"500\" width=\"900\" title=\"electronica-impresa-calefactores-impresos-01\" onerror=\"this.style.display='none'\">\n<h2>\n\t\t\u00bfTienes alguna duda o consulta que realizar?\n\t<\/h2>\n\t\t\t<a href=\"https:\/\/embega.es\/eu\/embega\/jarri-gurekin-harremanetan\/\" target=\"_self\" role=\"button\" rel=\"noopener\">\n\t\t\t\t\t\t\tContacta con nosotros\n\t\t\t\t\t<\/a>\n","protected":false},"excerpt":{"rendered":"<p>a\u00f1ldkfja\u00f1dk a\u00f1lkdj \u00f1alksjd\u00f1fl kj<\/p>\n","protected":false},"author":1,"featured_media":0,"parent":2901,"menu_order":3,"comment_status":"closed","ping_status":"closed","template":"","meta":{"inline_featured_image":false,"footnotes":""},"categories":[45],"tags":[],"class_list":["post-2902","page","type-page","status-publish","hentry","category-produktu-elektroniko-inprimatuak"],"yoast_head":"<!-- This site is optimized with the Yoast SEO plugin v27.4 - https:\/\/yoast.com\/product\/yoast-seo-wordpress\/ -->\n<title>Berogailu inprimatuak - Embega<\/title>\n<meta name=\"robots\" content=\"index, follow, max-snippet:-1, max-image-preview:large, max-video-preview:-1\" \/>\n<link rel=\"canonical\" href=\"https:\/\/embega.es\/eu\/embega\/hatz-bakar-batera\/produktuak\/berogailu-inprimatuak\/\" \/>\n<meta property=\"og:locale\" content=\"eu_ES\" \/>\n<meta property=\"og:type\" content=\"article\" \/>\n<meta property=\"og:title\" content=\"Berogailu inprimatuak - Embega\" \/>\n<meta property=\"og:description\" content=\"a\u00f1ldkfja\u00f1dk a\u00f1lkdj \u00f1alksjd\u00f1fl kj\" \/>\n<meta property=\"og:url\" content=\"https:\/\/embega.es\/eu\/embega\/hatz-bakar-batera\/produktuak\/berogailu-inprimatuak\/\" \/>\n<meta property=\"og:site_name\" content=\"Embega\" \/>\n<meta property=\"article:modified_time\" content=\"2023-08-24T08:49:48+00:00\" \/>\n<meta property=\"og:image\" content=\"https:\/\/embega.es\/wp-content\/uploads\/2022\/11\/electronica-impresa-calefactores-impresos-01.jpg\" \/>\n<meta name=\"twitter:card\" content=\"summary_large_image\" \/>\n<meta name=\"twitter:label1\" content=\"Est. reading time\" \/>\n\t<meta name=\"twitter:data1\" content=\"1 minute\" \/>\n<script type=\"application\/ld+json\" class=\"yoast-schema-graph\">{\"@context\":\"https:\\\/\\\/schema.org\",\"@graph\":[{\"@type\":\"WebPage\",\"@id\":\"https:\\\/\\\/embega.es\\\/eu\\\/embega\\\/hatz-bakar-batera\\\/produktuak\\\/berogailu-inprimatuak\\\/\",\"url\":\"https:\\\/\\\/embega.es\\\/eu\\\/embega\\\/hatz-bakar-batera\\\/produktuak\\\/berogailu-inprimatuak\\\/\",\"name\":\"Berogailu inprimatuak - Embega\",\"isPartOf\":{\"@id\":\"https:\\\/\\\/embega.es\\\/eu\\\/#website\"},\"primaryImageOfPage\":{\"@id\":\"https:\\\/\\\/embega.es\\\/eu\\\/embega\\\/hatz-bakar-batera\\\/produktuak\\\/berogailu-inprimatuak\\\/#primaryimage\"},\"image\":{\"@id\":\"https:\\\/\\\/embega.es\\\/eu\\\/embega\\\/hatz-bakar-batera\\\/produktuak\\\/berogailu-inprimatuak\\\/#primaryimage\"},\"thumbnailUrl\":\"https:\\\/\\\/embega.es\\\/wp-content\\\/uploads\\\/2022\\\/11\\\/electronica-impresa-calefactores-impresos-01.jpg\",\"datePublished\":\"2022-11-17T13:04:19+00:00\",\"dateModified\":\"2023-08-24T08:49:48+00:00\",\"breadcrumb\":{\"@id\":\"https:\\\/\\\/embega.es\\\/eu\\\/embega\\\/hatz-bakar-batera\\\/produktuak\\\/berogailu-inprimatuak\\\/#breadcrumb\"},\"inLanguage\":\"eu-ES\",\"potentialAction\":[{\"@type\":\"ReadAction\",\"target\":[\"https:\\\/\\\/embega.es\\\/eu\\\/embega\\\/hatz-bakar-batera\\\/produktuak\\\/berogailu-inprimatuak\\\/\"]}]},{\"@type\":\"ImageObject\",\"inLanguage\":\"eu-ES\",\"@id\":\"https:\\\/\\\/embega.es\\\/eu\\\/embega\\\/hatz-bakar-batera\\\/produktuak\\\/berogailu-inprimatuak\\\/#primaryimage\",\"url\":\"https:\\\/\\\/embega.es\\\/wp-content\\\/uploads\\\/2022\\\/11\\\/electronica-impresa-calefactores-impresos-01.jpg\",\"contentUrl\":\"https:\\\/\\\/embega.es\\\/wp-content\\\/uploads\\\/2022\\\/11\\\/electronica-impresa-calefactores-impresos-01.jpg\"},{\"@type\":\"BreadcrumbList\",\"@id\":\"https:\\\/\\\/embega.es\\\/eu\\\/embega\\\/hatz-bakar-batera\\\/produktuak\\\/berogailu-inprimatuak\\\/#breadcrumb\",\"itemListElement\":[{\"@type\":\"ListItem\",\"position\":1,\"name\":\"Embega\",\"item\":\"https:\\\/\\\/embega.es\\\/eu\\\/\"},{\"@type\":\"ListItem\",\"position\":2,\"name\":\"Hatz bakar batera\",\"item\":\"https:\\\/\\\/embega.es\\\/eu\\\/embega\\\/hatz-bakar-batera\\\/\"},{\"@type\":\"ListItem\",\"position\":3,\"name\":\"Produktuak\",\"item\":\"https:\\\/\\\/embega.es\\\/eu\\\/embega\\\/hatz-bakar-batera\\\/produktuak\\\/\"},{\"@type\":\"ListItem\",\"position\":4,\"name\":\"Berogailu inprimatuak\"}]},{\"@type\":\"WebSite\",\"@id\":\"https:\\\/\\\/embega.es\\\/eu\\\/#website\",\"url\":\"https:\\\/\\\/embega.es\\\/eu\\\/\",\"name\":\"Embega\",\"description\":\"Grupo Mondrag\u00f3n\",\"publisher\":{\"@id\":\"https:\\\/\\\/embega.es\\\/eu\\\/#organization\"},\"potentialAction\":[{\"@type\":\"SearchAction\",\"target\":{\"@type\":\"EntryPoint\",\"urlTemplate\":\"https:\\\/\\\/embega.es\\\/eu\\\/?s={search_term_string}\"},\"query-input\":{\"@type\":\"PropertyValueSpecification\",\"valueRequired\":true,\"valueName\":\"search_term_string\"}}],\"inLanguage\":\"eu-ES\"},{\"@type\":\"Organization\",\"@id\":\"https:\\\/\\\/embega.es\\\/eu\\\/#organization\",\"name\":\"Embega\",\"url\":\"https:\\\/\\\/embega.es\\\/eu\\\/\",\"logo\":{\"@type\":\"ImageObject\",\"inLanguage\":\"eu-ES\",\"@id\":\"https:\\\/\\\/embega.es\\\/eu\\\/#\\\/schema\\\/logo\\\/image\\\/\",\"url\":\"\",\"contentUrl\":\"\",\"caption\":\"Embega\"},\"image\":{\"@id\":\"https:\\\/\\\/embega.es\\\/eu\\\/#\\\/schema\\\/logo\\\/image\\\/\"}}]}<\/script>\n<!-- \/ Yoast SEO plugin. -->","yoast_head_json":{"title":"Berogailu inprimatuak - Embega","robots":{"index":"index","follow":"follow","max-snippet":"max-snippet:-1","max-image-preview":"max-image-preview:large","max-video-preview":"max-video-preview:-1"},"canonical":"https:\/\/embega.es\/eu\/embega\/hatz-bakar-batera\/produktuak\/berogailu-inprimatuak\/","og_locale":"eu_ES","og_type":"article","og_title":"Berogailu inprimatuak - Embega","og_description":"a\u00f1ldkfja\u00f1dk a\u00f1lkdj \u00f1alksjd\u00f1fl kj","og_url":"https:\/\/embega.es\/eu\/embega\/hatz-bakar-batera\/produktuak\/berogailu-inprimatuak\/","og_site_name":"Embega","article_modified_time":"2023-08-24T08:49:48+00:00","og_image":[{"url":"https:\/\/embega.es\/wp-content\/uploads\/2022\/11\/electronica-impresa-calefactores-impresos-01.jpg","type":"","width":"","height":""}],"twitter_card":"summary_large_image","twitter_misc":{"Est. reading time":"1 minute"},"schema":{"@context":"https:\/\/schema.org","@graph":[{"@type":"WebPage","@id":"https:\/\/embega.es\/eu\/embega\/hatz-bakar-batera\/produktuak\/berogailu-inprimatuak\/","url":"https:\/\/embega.es\/eu\/embega\/hatz-bakar-batera\/produktuak\/berogailu-inprimatuak\/","name":"Berogailu inprimatuak - Embega","isPartOf":{"@id":"https:\/\/embega.es\/eu\/#website"},"primaryImageOfPage":{"@id":"https:\/\/embega.es\/eu\/embega\/hatz-bakar-batera\/produktuak\/berogailu-inprimatuak\/#primaryimage"},"image":{"@id":"https:\/\/embega.es\/eu\/embega\/hatz-bakar-batera\/produktuak\/berogailu-inprimatuak\/#primaryimage"},"thumbnailUrl":"https:\/\/embega.es\/wp-content\/uploads\/2022\/11\/electronica-impresa-calefactores-impresos-01.jpg","datePublished":"2022-11-17T13:04:19+00:00","dateModified":"2023-08-24T08:49:48+00:00","breadcrumb":{"@id":"https:\/\/embega.es\/eu\/embega\/hatz-bakar-batera\/produktuak\/berogailu-inprimatuak\/#breadcrumb"},"inLanguage":"eu-ES","potentialAction":[{"@type":"ReadAction","target":["https:\/\/embega.es\/eu\/embega\/hatz-bakar-batera\/produktuak\/berogailu-inprimatuak\/"]}]},{"@type":"ImageObject","inLanguage":"eu-ES","@id":"https:\/\/embega.es\/eu\/embega\/hatz-bakar-batera\/produktuak\/berogailu-inprimatuak\/#primaryimage","url":"https:\/\/embega.es\/wp-content\/uploads\/2022\/11\/electronica-impresa-calefactores-impresos-01.jpg","contentUrl":"https:\/\/embega.es\/wp-content\/uploads\/2022\/11\/electronica-impresa-calefactores-impresos-01.jpg"},{"@type":"BreadcrumbList","@id":"https:\/\/embega.es\/eu\/embega\/hatz-bakar-batera\/produktuak\/berogailu-inprimatuak\/#breadcrumb","itemListElement":[{"@type":"ListItem","position":1,"name":"Embega","item":"https:\/\/embega.es\/eu\/"},{"@type":"ListItem","position":2,"name":"Hatz bakar batera","item":"https:\/\/embega.es\/eu\/embega\/hatz-bakar-batera\/"},{"@type":"ListItem","position":3,"name":"Produktuak","item":"https:\/\/embega.es\/eu\/embega\/hatz-bakar-batera\/produktuak\/"},{"@type":"ListItem","position":4,"name":"Berogailu inprimatuak"}]},{"@type":"WebSite","@id":"https:\/\/embega.es\/eu\/#website","url":"https:\/\/embega.es\/eu\/","name":"Embega","description":"Grupo Mondrag\u00f3n","publisher":{"@id":"https:\/\/embega.es\/eu\/#organization"},"potentialAction":[{"@type":"SearchAction","target":{"@type":"EntryPoint","urlTemplate":"https:\/\/embega.es\/eu\/?s={search_term_string}"},"query-input":{"@type":"PropertyValueSpecification","valueRequired":true,"valueName":"search_term_string"}}],"inLanguage":"eu-ES"},{"@type":"Organization","@id":"https:\/\/embega.es\/eu\/#organization","name":"Embega","url":"https:\/\/embega.es\/eu\/","logo":{"@type":"ImageObject","inLanguage":"eu-ES","@id":"https:\/\/embega.es\/eu\/#\/schema\/logo\/image\/","url":"","contentUrl":"","caption":"Embega"},"image":{"@id":"https:\/\/embega.es\/eu\/#\/schema\/logo\/image\/"}}]}},"_links":{"self":[{"href":"https:\/\/embega.es\/eu\/wp-json\/wp\/v2\/pages\/2902","targetHints":{"allow":["GET"]}}],"collection":[{"href":"https:\/\/embega.es\/eu\/wp-json\/wp\/v2\/pages"}],"about":[{"href":"https:\/\/embega.es\/eu\/wp-json\/wp\/v2\/types\/page"}],"author":[{"embeddable":true,"href":"https:\/\/embega.es\/eu\/wp-json\/wp\/v2\/users\/1"}],"replies":[{"embeddable":true,"href":"https:\/\/embega.es\/eu\/wp-json\/wp\/v2\/comments?post=2902"}],"version-history":[{"count":0,"href":"https:\/\/embega.es\/eu\/wp-json\/wp\/v2\/pages\/2902\/revisions"}],"up":[{"embeddable":true,"href":"https:\/\/embega.es\/eu\/wp-json\/wp\/v2\/pages\/2901"}],"wp:attachment":[{"href":"https:\/\/embega.es\/eu\/wp-json\/wp\/v2\/media?parent=2902"}],"wp:term":[{"taxonomy":"category","embeddable":true,"href":"https:\/\/embega.es\/eu\/wp-json\/wp\/v2\/categories?post=2902"},{"taxonomy":"post_tag","embeddable":true,"href":"https:\/\/embega.es\/eu\/wp-json\/wp\/v2\/tags?post=2902"}],"curies":[{"name":"wp","href":"https:\/\/api.w.org\/{rel}","templated":true}]}}