{"id":2897,"date":"2022-08-10T16:26:56","date_gmt":"2022-08-10T14:26:56","guid":{"rendered":"https:\/\/embega.es\/embega\/bikaintasuna-hmin\/konpetentziak\/"},"modified":"2023-01-18T16:15:23","modified_gmt":"2023-01-18T15:15:23","slug":"konpetentziak","status":"publish","type":"page","link":"https:\/\/embega.es\/eu\/embega\/bikaintasuna-hmin\/konpetentziak\/","title":{"rendered":"Konpetentziak"},"content":{"rendered":"\n\n\t<a href=\"https:\/\/embega.es\/eu\/\">Embega<\/a> \/ <a href=\"https:\/\/embega.es\/eu\/embega\/bikaintasuna-hmin\/\">Bikaintasuna HMIn<\/a> \/ Konpetentziak\n\t\t<h1>\n\t\t\tDiseinua\n\t\t<\/h1>\n\t\t\t<p>HMI erabiltzaile-interfazea<\/p>\t\t\n\t<p>Bezeroarekin elkarlanean aritzen gara hasiera-hasieratik, HMI diseinatuz eta partnership elektroniko baten bidez, zure makinarekin komunikazio protokolo bat ezartzeko (I2C&#8230;.), HMIn adimena integratzeko gai gara.<\/p>\n\t\t\t\t<img decoding=\"async\" src=\"https:\/\/embega.es\/wp-content\/uploads\/2022\/11\/competencias-impresion-serigrafica.svg\" alt=\"Impresi\u00f3n serigr\u00e1fica\" itemprop=\"image\" height=\"0\" width=\"0\" title=\"competencias-impresion-serigrafica\" onerror=\"this.style.display='none'\"  \/>\n\t\tImpresi\u00f3n serigr\u00e1fica\n\t\t\t\t<img decoding=\"async\" src=\"https:\/\/embega.es\/wp-content\/uploads\/2022\/11\/competencias-impresion-digital.svg\" alt=\"Impresi\u00f3n digital\" itemprop=\"image\" height=\"0\" width=\"0\" title=\"competencias-impresion-digital\" onerror=\"this.style.display='none'\"  \/>\n\t\tImpresi\u00f3n digital\n\t\t\t\t<img decoding=\"async\" src=\"https:\/\/embega.es\/wp-content\/uploads\/2022\/11\/competencias-corte.svg\" alt=\"Corte\" itemprop=\"image\" height=\"0\" width=\"0\" title=\"competencias-corte\" onerror=\"this.style.display='none'\"  \/>\n\t\tCorte\n\t\t\t\t<img decoding=\"async\" src=\"https:\/\/embega.es\/wp-content\/uploads\/2022\/11\/competencias-laminado.svg\" alt=\"Laminado\" itemprop=\"image\" height=\"0\" width=\"0\" title=\"competencias-laminado\" onerror=\"this.style.display='none'\"  \/>\n\t\tLaminado\n\t\t\t\t<img decoding=\"async\" src=\"https:\/\/embega.es\/wp-content\/uploads\/2022\/11\/competencias-montaje-smd.svg\" alt=\"Montaje SMD \/ P&amp;P\" itemprop=\"image\" height=\"0\" width=\"0\" title=\"competencias-montaje-smd\" onerror=\"this.style.display='none'\"  \/>\n\t\tSMD \/ P&amp;P muntakeka\n\t\t\t\t<img decoding=\"async\" src=\"https:\/\/embega.es\/wp-content\/uploads\/2022\/11\/competencias-control-electrico.svg\" alt=\"Control el\u00e9ctrico\" itemprop=\"image\" height=\"0\" width=\"0\" title=\"competencias-control-electrico\" onerror=\"this.style.display='none'\"  \/>\n\t\tControl el\u00e9ctrico\n\t\t\t\t<img decoding=\"async\" src=\"https:\/\/embega.es\/wp-content\/uploads\/2023\/01\/competencias-automated-optical-inspection-1.png\" alt=\"Automated optical inspection (AOI)\" itemprop=\"image\" height=\"0\" width=\"0\" title=\"competencias-automated-optical-inspection\" onerror=\"this.style.display='none'\"  \/>\n\t\tAutomated optical inspection (AOI)\n\t\t\t\t<img decoding=\"async\" src=\"https:\/\/embega.es\/wp-content\/uploads\/2022\/11\/competencias-sala-blanca.svg\" alt=\"Sala blanca\" itemprop=\"image\" height=\"0\" width=\"0\" title=\"competencias-sala-blanca\" onerror=\"this.style.display='none'\"  \/>\n\t\tGela zuria\n<h3>\n\t\tEtorkizuna iragartzeko<br \/>modurik onena<br \/>asmatzea da\n\t<\/h3>\n\t\t\t<a href=\"https:\/\/embega.es\/eu\/embega\/cs-stirling-zentroa\/\" target=\"_self\" role=\"button\" rel=\"noopener\">\n\t\t\t\t\t\t\tBeti berritzen dugu\n\t\t\t\t\t<\/a>\n<h2>\n\t\tBaduzu zalantzarik edo kontsultarik egiteko?\n\t<\/h2>\n\t\t\t<a href=\"https:\/\/embega.es\/eu\/embega\/jarri-gurekin-harremanetan\/\" target=\"_self\" role=\"button\" rel=\"noopener\">\n\t\t\t\t\t\t\tJarri gurekin harremanetan\n\t\t\t\t\t<\/a>\n\n","protected":false},"excerpt":{"rendered":"<p>Embega \/ Bikaintasuna HMIn \/ Konpetentziak Diseinua HMI erabiltzaile-interfazea Bezeroarekin elkarlanean aritzen gara hasiera-hasieratik, HMI diseinatuz eta partnership elektroniko baten bidez, zure makinarekin komunikazio protokolo bat ezartzeko (I2C&#8230;.), HMIn adimena integratzeko gai gara. Impresi\u00f3n serigr\u00e1fica Impresi\u00f3n digital Corte Laminado SMD \/ P&amp;P muntakeka Control el\u00e9ctrico Automated optical inspection (AOI) Gela zuria Etorkizuna iragartzekomodurik onenaasmatzea da&hellip;<\/p>\n","protected":false},"author":1,"featured_media":0,"parent":2888,"menu_order":2,"comment_status":"closed","ping_status":"closed","template":"","meta":{"inline_featured_image":false,"footnotes":""},"categories":[],"tags":[],"class_list":["post-2897","page","type-page","status-publish","hentry"],"yoast_head":"<!-- This site is optimized with the Yoast SEO plugin v27.4 - https:\/\/yoast.com\/product\/yoast-seo-wordpress\/ -->\n<title>Konpetentziak - Embega<\/title>\n<meta name=\"robots\" content=\"index, follow, max-snippet:-1, max-image-preview:large, max-video-preview:-1\" \/>\n<link rel=\"canonical\" href=\"https:\/\/embega.es\/eu\/embega\/bikaintasuna-hmin\/konpetentziak\/\" \/>\n<meta property=\"og:locale\" content=\"eu_ES\" \/>\n<meta property=\"og:type\" content=\"article\" \/>\n<meta property=\"og:title\" content=\"Konpetentziak - Embega\" \/>\n<meta property=\"og:description\" content=\"Embega \/ Bikaintasuna HMIn \/ Konpetentziak Diseinua HMI erabiltzaile-interfazea Bezeroarekin elkarlanean aritzen gara hasiera-hasieratik, HMI diseinatuz eta partnership elektroniko baten bidez, zure makinarekin komunikazio protokolo bat ezartzeko (I2C&#8230;.), HMIn adimena integratzeko gai gara. Impresi\u00f3n serigr\u00e1fica Impresi\u00f3n digital Corte Laminado SMD \/ P&amp;P muntakeka Control el\u00e9ctrico Automated optical inspection (AOI) Gela zuria Etorkizuna iragartzekomodurik onenaasmatzea da&hellip;\" \/>\n<meta property=\"og:url\" content=\"https:\/\/embega.es\/eu\/embega\/bikaintasuna-hmin\/konpetentziak\/\" \/>\n<meta property=\"og:site_name\" content=\"Embega\" \/>\n<meta property=\"article:modified_time\" content=\"2023-01-18T15:15:23+00:00\" \/>\n<meta property=\"og:image\" content=\"https:\/\/embega.es\/wp-content\/uploads\/2022\/11\/competencias-impresion-serigrafica.svg\" \/>\n<meta name=\"twitter:card\" content=\"summary_large_image\" \/>\n<script type=\"application\/ld+json\" class=\"yoast-schema-graph\">{\"@context\":\"https:\\\/\\\/schema.org\",\"@graph\":[{\"@type\":\"WebPage\",\"@id\":\"https:\\\/\\\/embega.es\\\/eu\\\/embega\\\/bikaintasuna-hmin\\\/konpetentziak\\\/\",\"url\":\"https:\\\/\\\/embega.es\\\/eu\\\/embega\\\/bikaintasuna-hmin\\\/konpetentziak\\\/\",\"name\":\"Konpetentziak - Embega\",\"isPartOf\":{\"@id\":\"https:\\\/\\\/embega.es\\\/eu\\\/#website\"},\"primaryImageOfPage\":{\"@id\":\"https:\\\/\\\/embega.es\\\/eu\\\/embega\\\/bikaintasuna-hmin\\\/konpetentziak\\\/#primaryimage\"},\"image\":{\"@id\":\"https:\\\/\\\/embega.es\\\/eu\\\/embega\\\/bikaintasuna-hmin\\\/konpetentziak\\\/#primaryimage\"},\"thumbnailUrl\":\"https:\\\/\\\/embega.es\\\/wp-content\\\/uploads\\\/2022\\\/11\\\/competencias-impresion-serigrafica.svg\",\"datePublished\":\"2022-08-10T14:26:56+00:00\",\"dateModified\":\"2023-01-18T15:15:23+00:00\",\"breadcrumb\":{\"@id\":\"https:\\\/\\\/embega.es\\\/eu\\\/embega\\\/bikaintasuna-hmin\\\/konpetentziak\\\/#breadcrumb\"},\"inLanguage\":\"eu-ES\",\"potentialAction\":[{\"@type\":\"ReadAction\",\"target\":[\"https:\\\/\\\/embega.es\\\/eu\\\/embega\\\/bikaintasuna-hmin\\\/konpetentziak\\\/\"]}]},{\"@type\":\"ImageObject\",\"inLanguage\":\"eu-ES\",\"@id\":\"https:\\\/\\\/embega.es\\\/eu\\\/embega\\\/bikaintasuna-hmin\\\/konpetentziak\\\/#primaryimage\",\"url\":\"https:\\\/\\\/embega.es\\\/wp-content\\\/uploads\\\/2022\\\/11\\\/competencias-impresion-serigrafica.svg\",\"contentUrl\":\"https:\\\/\\\/embega.es\\\/wp-content\\\/uploads\\\/2022\\\/11\\\/competencias-impresion-serigrafica.svg\"},{\"@type\":\"BreadcrumbList\",\"@id\":\"https:\\\/\\\/embega.es\\\/eu\\\/embega\\\/bikaintasuna-hmin\\\/konpetentziak\\\/#breadcrumb\",\"itemListElement\":[{\"@type\":\"ListItem\",\"position\":1,\"name\":\"Embega\",\"item\":\"https:\\\/\\\/embega.es\\\/eu\\\/\"},{\"@type\":\"ListItem\",\"position\":2,\"name\":\"Bikaintasuna HMIn\",\"item\":\"https:\\\/\\\/embega.es\\\/eu\\\/embega\\\/bikaintasuna-hmin\\\/\"},{\"@type\":\"ListItem\",\"position\":3,\"name\":\"Konpetentziak\"}]},{\"@type\":\"WebSite\",\"@id\":\"https:\\\/\\\/embega.es\\\/eu\\\/#website\",\"url\":\"https:\\\/\\\/embega.es\\\/eu\\\/\",\"name\":\"Embega\",\"description\":\"Grupo Mondrag\u00f3n\",\"publisher\":{\"@id\":\"https:\\\/\\\/embega.es\\\/eu\\\/#organization\"},\"potentialAction\":[{\"@type\":\"SearchAction\",\"target\":{\"@type\":\"EntryPoint\",\"urlTemplate\":\"https:\\\/\\\/embega.es\\\/eu\\\/?s={search_term_string}\"},\"query-input\":{\"@type\":\"PropertyValueSpecification\",\"valueRequired\":true,\"valueName\":\"search_term_string\"}}],\"inLanguage\":\"eu-ES\"},{\"@type\":\"Organization\",\"@id\":\"https:\\\/\\\/embega.es\\\/eu\\\/#organization\",\"name\":\"Embega\",\"url\":\"https:\\\/\\\/embega.es\\\/eu\\\/\",\"logo\":{\"@type\":\"ImageObject\",\"inLanguage\":\"eu-ES\",\"@id\":\"https:\\\/\\\/embega.es\\\/eu\\\/#\\\/schema\\\/logo\\\/image\\\/\",\"url\":\"\",\"contentUrl\":\"\",\"caption\":\"Embega\"},\"image\":{\"@id\":\"https:\\\/\\\/embega.es\\\/eu\\\/#\\\/schema\\\/logo\\\/image\\\/\"}}]}<\/script>\n<!-- \/ Yoast SEO plugin. -->","yoast_head_json":{"title":"Konpetentziak - Embega","robots":{"index":"index","follow":"follow","max-snippet":"max-snippet:-1","max-image-preview":"max-image-preview:large","max-video-preview":"max-video-preview:-1"},"canonical":"https:\/\/embega.es\/eu\/embega\/bikaintasuna-hmin\/konpetentziak\/","og_locale":"eu_ES","og_type":"article","og_title":"Konpetentziak - Embega","og_description":"Embega \/ Bikaintasuna HMIn \/ Konpetentziak Diseinua HMI erabiltzaile-interfazea Bezeroarekin elkarlanean aritzen gara hasiera-hasieratik, HMI diseinatuz eta partnership elektroniko baten bidez, zure makinarekin komunikazio protokolo bat ezartzeko (I2C&#8230;.), HMIn adimena integratzeko gai gara. Impresi\u00f3n serigr\u00e1fica Impresi\u00f3n digital Corte Laminado SMD \/ P&amp;P muntakeka Control el\u00e9ctrico Automated optical inspection (AOI) Gela zuria Etorkizuna iragartzekomodurik onenaasmatzea da&hellip;","og_url":"https:\/\/embega.es\/eu\/embega\/bikaintasuna-hmin\/konpetentziak\/","og_site_name":"Embega","article_modified_time":"2023-01-18T15:15:23+00:00","og_image":[{"url":"https:\/\/embega.es\/wp-content\/uploads\/2022\/11\/competencias-impresion-serigrafica.svg","type":"","width":"","height":""}],"twitter_card":"summary_large_image","schema":{"@context":"https:\/\/schema.org","@graph":[{"@type":"WebPage","@id":"https:\/\/embega.es\/eu\/embega\/bikaintasuna-hmin\/konpetentziak\/","url":"https:\/\/embega.es\/eu\/embega\/bikaintasuna-hmin\/konpetentziak\/","name":"Konpetentziak - Embega","isPartOf":{"@id":"https:\/\/embega.es\/eu\/#website"},"primaryImageOfPage":{"@id":"https:\/\/embega.es\/eu\/embega\/bikaintasuna-hmin\/konpetentziak\/#primaryimage"},"image":{"@id":"https:\/\/embega.es\/eu\/embega\/bikaintasuna-hmin\/konpetentziak\/#primaryimage"},"thumbnailUrl":"https:\/\/embega.es\/wp-content\/uploads\/2022\/11\/competencias-impresion-serigrafica.svg","datePublished":"2022-08-10T14:26:56+00:00","dateModified":"2023-01-18T15:15:23+00:00","breadcrumb":{"@id":"https:\/\/embega.es\/eu\/embega\/bikaintasuna-hmin\/konpetentziak\/#breadcrumb"},"inLanguage":"eu-ES","potentialAction":[{"@type":"ReadAction","target":["https:\/\/embega.es\/eu\/embega\/bikaintasuna-hmin\/konpetentziak\/"]}]},{"@type":"ImageObject","inLanguage":"eu-ES","@id":"https:\/\/embega.es\/eu\/embega\/bikaintasuna-hmin\/konpetentziak\/#primaryimage","url":"https:\/\/embega.es\/wp-content\/uploads\/2022\/11\/competencias-impresion-serigrafica.svg","contentUrl":"https:\/\/embega.es\/wp-content\/uploads\/2022\/11\/competencias-impresion-serigrafica.svg"},{"@type":"BreadcrumbList","@id":"https:\/\/embega.es\/eu\/embega\/bikaintasuna-hmin\/konpetentziak\/#breadcrumb","itemListElement":[{"@type":"ListItem","position":1,"name":"Embega","item":"https:\/\/embega.es\/eu\/"},{"@type":"ListItem","position":2,"name":"Bikaintasuna HMIn","item":"https:\/\/embega.es\/eu\/embega\/bikaintasuna-hmin\/"},{"@type":"ListItem","position":3,"name":"Konpetentziak"}]},{"@type":"WebSite","@id":"https:\/\/embega.es\/eu\/#website","url":"https:\/\/embega.es\/eu\/","name":"Embega","description":"Grupo Mondrag\u00f3n","publisher":{"@id":"https:\/\/embega.es\/eu\/#organization"},"potentialAction":[{"@type":"SearchAction","target":{"@type":"EntryPoint","urlTemplate":"https:\/\/embega.es\/eu\/?s={search_term_string}"},"query-input":{"@type":"PropertyValueSpecification","valueRequired":true,"valueName":"search_term_string"}}],"inLanguage":"eu-ES"},{"@type":"Organization","@id":"https:\/\/embega.es\/eu\/#organization","name":"Embega","url":"https:\/\/embega.es\/eu\/","logo":{"@type":"ImageObject","inLanguage":"eu-ES","@id":"https:\/\/embega.es\/eu\/#\/schema\/logo\/image\/","url":"","contentUrl":"","caption":"Embega"},"image":{"@id":"https:\/\/embega.es\/eu\/#\/schema\/logo\/image\/"}}]}},"_links":{"self":[{"href":"https:\/\/embega.es\/eu\/wp-json\/wp\/v2\/pages\/2897","targetHints":{"allow":["GET"]}}],"collection":[{"href":"https:\/\/embega.es\/eu\/wp-json\/wp\/v2\/pages"}],"about":[{"href":"https:\/\/embega.es\/eu\/wp-json\/wp\/v2\/types\/page"}],"author":[{"embeddable":true,"href":"https:\/\/embega.es\/eu\/wp-json\/wp\/v2\/users\/1"}],"replies":[{"embeddable":true,"href":"https:\/\/embega.es\/eu\/wp-json\/wp\/v2\/comments?post=2897"}],"version-history":[{"count":0,"href":"https:\/\/embega.es\/eu\/wp-json\/wp\/v2\/pages\/2897\/revisions"}],"up":[{"embeddable":true,"href":"https:\/\/embega.es\/eu\/wp-json\/wp\/v2\/pages\/2888"}],"wp:attachment":[{"href":"https:\/\/embega.es\/eu\/wp-json\/wp\/v2\/media?parent=2897"}],"wp:term":[{"taxonomy":"category","embeddable":true,"href":"https:\/\/embega.es\/eu\/wp-json\/wp\/v2\/categories?post=2897"},{"taxonomy":"post_tag","embeddable":true,"href":"https:\/\/embega.es\/eu\/wp-json\/wp\/v2\/tags?post=2897"}],"curies":[{"name":"wp","href":"https:\/\/api.w.org\/{rel}","templated":true}]}}