{"id":2308,"date":"2022-08-10T16:26:56","date_gmt":"2022-08-10T14:26:56","guid":{"rendered":"https:\/\/embega.es\/embega\/excellence-in-hmi\/competences\/"},"modified":"2023-01-18T16:15:34","modified_gmt":"2023-01-18T15:15:34","slug":"competences","status":"publish","type":"page","link":"https:\/\/embega.es\/en\/embega\/excellence-in-hmi\/competences\/","title":{"rendered":"Competences"},"content":{"rendered":"\n\n\t<a href=\"https:\/\/embega.es\/en\/\">Embega<\/a> \/ <a href=\"https:\/\/embega.es\/en\/embega\/excellence-in-hmi\/\">Excelencia en HMI<\/a> \/ Competencias\n\t\t<h1>\n\t\t\tDise\u00f1o\n\t\t<\/h1>\n\t\t\t<p>Interfaz de usuario HMI<\/p>\t\t\n\t<p>Colaboramos con el cliente desde fases tempranas, dise\u00f1ando el HMI y mediante un partnership electr\u00f3nico, somos capaces de integrar inteligencia en el HMI para establecer un protocolo de comunicaci\u00f3n con su m\u00e1quina (I2C&#8230;.)<\/p>\n\t\t\t\t<img decoding=\"async\" src=\"https:\/\/embega.es\/wp-content\/uploads\/2023\/01\/competencias-impresion-serigrafica.svg\" alt=\"IMPRESI\u00d3N SERIGR\u00c1FICA\" itemprop=\"image\" height=\"0\" width=\"0\" title=\"competencias-impresion-serigrafica\" onerror=\"this.style.display='none'\"  \/>\n\t\tIMPRESI\u00d3N SERIGR\u00c1FICA\n\t\t\t\t<img decoding=\"async\" src=\"https:\/\/embega.es\/wp-content\/uploads\/2023\/01\/competencias-impresion-digital.svg\" alt=\"IMPRESI\u00d3N DIGITAL\" itemprop=\"image\" height=\"0\" width=\"0\" title=\"competencias-impresion-digital\" onerror=\"this.style.display='none'\"  \/>\n\t\tIMPRESI\u00d3N DIGITAL\n\t\t\t\t<img decoding=\"async\" src=\"https:\/\/embega.es\/wp-content\/uploads\/2023\/01\/competencias-corte.svg\" alt=\"CORTE\" itemprop=\"image\" height=\"0\" width=\"0\" title=\"competencias-corte\" onerror=\"this.style.display='none'\"  \/>\n\t\tCORTE\n\t\t\t\t<img decoding=\"async\" src=\"https:\/\/embega.es\/wp-content\/uploads\/2023\/01\/competencias-laminado.svg\" alt=\"LAMINADO\" itemprop=\"image\" height=\"0\" width=\"0\" title=\"competencias-laminado\" onerror=\"this.style.display='none'\"  \/>\n\t\tLAMINADO\n\t\t\t\t<img decoding=\"async\" src=\"https:\/\/embega.es\/wp-content\/uploads\/2023\/01\/competencias-montaje-smd.svg\" alt=\"MONTAJE SMD \/ P&amp;P\" itemprop=\"image\" height=\"0\" width=\"0\" title=\"competencias-montaje-smd\" onerror=\"this.style.display='none'\"  \/>\n\t\tMONTAJE SMD \/ P&amp;P\n\t\t\t\t<img decoding=\"async\" src=\"https:\/\/embega.es\/wp-content\/uploads\/2023\/01\/competencias-control-electrico.svg\" alt=\"CONTROL EL\u00c9CTRICO\" itemprop=\"image\" height=\"0\" width=\"0\" title=\"competencias-control-electrico\" onerror=\"this.style.display='none'\"  \/>\n\t\tCONTROL EL\u00c9CTRICO\n\t\t\t\t<img decoding=\"async\" src=\"https:\/\/embega.es\/wp-content\/uploads\/2023\/01\/competencias-automated-optical-inspection.svg\" alt=\"AUTOMATED OPTICAL INSPECTION (AOI)\" itemprop=\"image\" height=\"0\" width=\"0\" title=\"competencias-automated-optical-inspection\" onerror=\"this.style.display='none'\"  \/>\n\t\tAUTOMATED OPTICAL INSPECTION (AOI)\n\t\t\t\t<img decoding=\"async\" src=\"https:\/\/embega.es\/wp-content\/uploads\/2023\/01\/competencias-sala-blanca.svg\" alt=\"SALA BLANCA\" itemprop=\"image\" height=\"0\" width=\"0\" title=\"competencias-sala-blanca\" onerror=\"this.style.display='none'\"  \/>\n\t\tSALA BLANCA\n<h3>\n\t\tLa mejor manera de<br \/>predecir el futuro es<br \/>invent\u00e1ndolo\n\t<\/h3>\n\t\t\t<a href=\"https:\/\/embega.es\/en\/embega\/cs-stirling-center\/\" target=\"_self\" role=\"button\" rel=\"noopener\">\n\t\t\t\t\t\t\tSiempre innovamos\n\t\t\t\t\t<\/a>\n<h2>\n\t\t\u00bfTienes alguna duda o consulta que realizar?\n\t<\/h2>\n\t\t\t<a href=\"https:\/\/embega.es\/en\/embega\/contact-us\/\" target=\"_self\" role=\"button\" rel=\"noopener\">\n\t\t\t\t\t\t\tContacta con nosotros\n\t\t\t\t\t<\/a>\n\n","protected":false},"excerpt":{"rendered":"<p>Embega \/ Excelencia en HMI \/ Competencias Dise\u00f1o Interfaz de usuario HMI Colaboramos con el cliente desde fases tempranas, dise\u00f1ando el HMI y mediante un partnership electr\u00f3nico, somos capaces de integrar inteligencia en el HMI para establecer un protocolo de comunicaci\u00f3n con su m\u00e1quina (I2C&#8230;.) IMPRESI\u00d3N SERIGR\u00c1FICA IMPRESI\u00d3N DIGITAL CORTE LAMINADO MONTAJE SMD \/ P&amp;P&hellip;<\/p>\n","protected":false},"author":1,"featured_media":0,"parent":2300,"menu_order":2,"comment_status":"closed","ping_status":"closed","template":"","meta":{"inline_featured_image":false,"footnotes":""},"categories":[],"tags":[],"class_list":["post-2308","page","type-page","status-publish","hentry"],"yoast_head":"<!-- This site is optimized with the Yoast SEO plugin v27.5 - https:\/\/yoast.com\/product\/yoast-seo-wordpress\/ -->\n<title>Competences - Embega<\/title>\n<meta name=\"robots\" content=\"index, follow, max-snippet:-1, max-image-preview:large, max-video-preview:-1\" \/>\n<link rel=\"canonical\" href=\"https:\/\/embega.es\/en\/embega\/excellence-in-hmi\/competences\/\" \/>\n<meta property=\"og:locale\" content=\"en_US\" \/>\n<meta property=\"og:type\" content=\"article\" \/>\n<meta property=\"og:title\" content=\"Competences - Embega\" \/>\n<meta property=\"og:description\" content=\"Embega \/ Excelencia en HMI \/ Competencias Dise\u00f1o Interfaz de usuario HMI Colaboramos con el cliente desde fases tempranas, dise\u00f1ando el HMI y mediante un partnership electr\u00f3nico, somos capaces de integrar inteligencia en el HMI para establecer un protocolo de comunicaci\u00f3n con su m\u00e1quina (I2C&#8230;.) IMPRESI\u00d3N SERIGR\u00c1FICA IMPRESI\u00d3N DIGITAL CORTE LAMINADO MONTAJE SMD \/ P&amp;P&hellip;\" \/>\n<meta property=\"og:url\" content=\"https:\/\/embega.es\/en\/embega\/excellence-in-hmi\/competences\/\" \/>\n<meta property=\"og:site_name\" content=\"Embega\" \/>\n<meta property=\"article:modified_time\" content=\"2023-01-18T15:15:34+00:00\" \/>\n<meta property=\"og:image\" content=\"https:\/\/embega.es\/wp-content\/uploads\/2023\/01\/competencias-impresion-serigrafica.svg\" \/>\n<meta name=\"twitter:card\" content=\"summary_large_image\" \/>\n<script type=\"application\/ld+json\" class=\"yoast-schema-graph\">{\"@context\":\"https:\\\/\\\/schema.org\",\"@graph\":[{\"@type\":\"WebPage\",\"@id\":\"https:\\\/\\\/embega.es\\\/en\\\/embega\\\/excellence-in-hmi\\\/competences\\\/\",\"url\":\"https:\\\/\\\/embega.es\\\/en\\\/embega\\\/excellence-in-hmi\\\/competences\\\/\",\"name\":\"Competences - Embega\",\"isPartOf\":{\"@id\":\"https:\\\/\\\/embega.es\\\/en\\\/#website\"},\"primaryImageOfPage\":{\"@id\":\"https:\\\/\\\/embega.es\\\/en\\\/embega\\\/excellence-in-hmi\\\/competences\\\/#primaryimage\"},\"image\":{\"@id\":\"https:\\\/\\\/embega.es\\\/en\\\/embega\\\/excellence-in-hmi\\\/competences\\\/#primaryimage\"},\"thumbnailUrl\":\"https:\\\/\\\/embega.es\\\/wp-content\\\/uploads\\\/2023\\\/01\\\/competencias-impresion-serigrafica.svg\",\"datePublished\":\"2022-08-10T14:26:56+00:00\",\"dateModified\":\"2023-01-18T15:15:34+00:00\",\"breadcrumb\":{\"@id\":\"https:\\\/\\\/embega.es\\\/en\\\/embega\\\/excellence-in-hmi\\\/competences\\\/#breadcrumb\"},\"inLanguage\":\"en-US\",\"potentialAction\":[{\"@type\":\"ReadAction\",\"target\":[\"https:\\\/\\\/embega.es\\\/en\\\/embega\\\/excellence-in-hmi\\\/competences\\\/\"]}]},{\"@type\":\"ImageObject\",\"inLanguage\":\"en-US\",\"@id\":\"https:\\\/\\\/embega.es\\\/en\\\/embega\\\/excellence-in-hmi\\\/competences\\\/#primaryimage\",\"url\":\"https:\\\/\\\/embega.es\\\/wp-content\\\/uploads\\\/2023\\\/01\\\/competencias-impresion-serigrafica.svg\",\"contentUrl\":\"https:\\\/\\\/embega.es\\\/wp-content\\\/uploads\\\/2023\\\/01\\\/competencias-impresion-serigrafica.svg\"},{\"@type\":\"BreadcrumbList\",\"@id\":\"https:\\\/\\\/embega.es\\\/en\\\/embega\\\/excellence-in-hmi\\\/competences\\\/#breadcrumb\",\"itemListElement\":[{\"@type\":\"ListItem\",\"position\":1,\"name\":\"Embega\",\"item\":\"https:\\\/\\\/embega.es\\\/en\\\/\"},{\"@type\":\"ListItem\",\"position\":2,\"name\":\"Excellence in HMI\",\"item\":\"https:\\\/\\\/embega.es\\\/en\\\/embega\\\/excellence-in-hmi\\\/\"},{\"@type\":\"ListItem\",\"position\":3,\"name\":\"Competences\"}]},{\"@type\":\"WebSite\",\"@id\":\"https:\\\/\\\/embega.es\\\/en\\\/#website\",\"url\":\"https:\\\/\\\/embega.es\\\/en\\\/\",\"name\":\"Embega\",\"description\":\"Grupo Mondrag\u00f3n\",\"publisher\":{\"@id\":\"https:\\\/\\\/embega.es\\\/en\\\/#organization\"},\"potentialAction\":[{\"@type\":\"SearchAction\",\"target\":{\"@type\":\"EntryPoint\",\"urlTemplate\":\"https:\\\/\\\/embega.es\\\/en\\\/?s={search_term_string}\"},\"query-input\":{\"@type\":\"PropertyValueSpecification\",\"valueRequired\":true,\"valueName\":\"search_term_string\"}}],\"inLanguage\":\"en-US\"},{\"@type\":\"Organization\",\"@id\":\"https:\\\/\\\/embega.es\\\/en\\\/#organization\",\"name\":\"Embega\",\"url\":\"https:\\\/\\\/embega.es\\\/en\\\/\",\"logo\":{\"@type\":\"ImageObject\",\"inLanguage\":\"en-US\",\"@id\":\"https:\\\/\\\/embega.es\\\/en\\\/#\\\/schema\\\/logo\\\/image\\\/\",\"url\":\"\",\"contentUrl\":\"\",\"caption\":\"Embega\"},\"image\":{\"@id\":\"https:\\\/\\\/embega.es\\\/en\\\/#\\\/schema\\\/logo\\\/image\\\/\"}}]}<\/script>\n<!-- \/ Yoast SEO plugin. -->","yoast_head_json":{"title":"Competences - Embega","robots":{"index":"index","follow":"follow","max-snippet":"max-snippet:-1","max-image-preview":"max-image-preview:large","max-video-preview":"max-video-preview:-1"},"canonical":"https:\/\/embega.es\/en\/embega\/excellence-in-hmi\/competences\/","og_locale":"en_US","og_type":"article","og_title":"Competences - Embega","og_description":"Embega \/ Excelencia en HMI \/ Competencias Dise\u00f1o Interfaz de usuario HMI Colaboramos con el cliente desde fases tempranas, dise\u00f1ando el HMI y mediante un partnership electr\u00f3nico, somos capaces de integrar inteligencia en el HMI para establecer un protocolo de comunicaci\u00f3n con su m\u00e1quina (I2C&#8230;.) IMPRESI\u00d3N SERIGR\u00c1FICA IMPRESI\u00d3N DIGITAL CORTE LAMINADO MONTAJE SMD \/ P&amp;P&hellip;","og_url":"https:\/\/embega.es\/en\/embega\/excellence-in-hmi\/competences\/","og_site_name":"Embega","article_modified_time":"2023-01-18T15:15:34+00:00","og_image":[{"url":"https:\/\/embega.es\/wp-content\/uploads\/2023\/01\/competencias-impresion-serigrafica.svg","type":"","width":"","height":""}],"twitter_card":"summary_large_image","schema":{"@context":"https:\/\/schema.org","@graph":[{"@type":"WebPage","@id":"https:\/\/embega.es\/en\/embega\/excellence-in-hmi\/competences\/","url":"https:\/\/embega.es\/en\/embega\/excellence-in-hmi\/competences\/","name":"Competences - Embega","isPartOf":{"@id":"https:\/\/embega.es\/en\/#website"},"primaryImageOfPage":{"@id":"https:\/\/embega.es\/en\/embega\/excellence-in-hmi\/competences\/#primaryimage"},"image":{"@id":"https:\/\/embega.es\/en\/embega\/excellence-in-hmi\/competences\/#primaryimage"},"thumbnailUrl":"https:\/\/embega.es\/wp-content\/uploads\/2023\/01\/competencias-impresion-serigrafica.svg","datePublished":"2022-08-10T14:26:56+00:00","dateModified":"2023-01-18T15:15:34+00:00","breadcrumb":{"@id":"https:\/\/embega.es\/en\/embega\/excellence-in-hmi\/competences\/#breadcrumb"},"inLanguage":"en-US","potentialAction":[{"@type":"ReadAction","target":["https:\/\/embega.es\/en\/embega\/excellence-in-hmi\/competences\/"]}]},{"@type":"ImageObject","inLanguage":"en-US","@id":"https:\/\/embega.es\/en\/embega\/excellence-in-hmi\/competences\/#primaryimage","url":"https:\/\/embega.es\/wp-content\/uploads\/2023\/01\/competencias-impresion-serigrafica.svg","contentUrl":"https:\/\/embega.es\/wp-content\/uploads\/2023\/01\/competencias-impresion-serigrafica.svg"},{"@type":"BreadcrumbList","@id":"https:\/\/embega.es\/en\/embega\/excellence-in-hmi\/competences\/#breadcrumb","itemListElement":[{"@type":"ListItem","position":1,"name":"Embega","item":"https:\/\/embega.es\/en\/"},{"@type":"ListItem","position":2,"name":"Excellence in HMI","item":"https:\/\/embega.es\/en\/embega\/excellence-in-hmi\/"},{"@type":"ListItem","position":3,"name":"Competences"}]},{"@type":"WebSite","@id":"https:\/\/embega.es\/en\/#website","url":"https:\/\/embega.es\/en\/","name":"Embega","description":"Grupo Mondrag\u00f3n","publisher":{"@id":"https:\/\/embega.es\/en\/#organization"},"potentialAction":[{"@type":"SearchAction","target":{"@type":"EntryPoint","urlTemplate":"https:\/\/embega.es\/en\/?s={search_term_string}"},"query-input":{"@type":"PropertyValueSpecification","valueRequired":true,"valueName":"search_term_string"}}],"inLanguage":"en-US"},{"@type":"Organization","@id":"https:\/\/embega.es\/en\/#organization","name":"Embega","url":"https:\/\/embega.es\/en\/","logo":{"@type":"ImageObject","inLanguage":"en-US","@id":"https:\/\/embega.es\/en\/#\/schema\/logo\/image\/","url":"","contentUrl":"","caption":"Embega"},"image":{"@id":"https:\/\/embega.es\/en\/#\/schema\/logo\/image\/"}}]}},"_links":{"self":[{"href":"https:\/\/embega.es\/en\/wp-json\/wp\/v2\/pages\/2308","targetHints":{"allow":["GET"]}}],"collection":[{"href":"https:\/\/embega.es\/en\/wp-json\/wp\/v2\/pages"}],"about":[{"href":"https:\/\/embega.es\/en\/wp-json\/wp\/v2\/types\/page"}],"author":[{"embeddable":true,"href":"https:\/\/embega.es\/en\/wp-json\/wp\/v2\/users\/1"}],"replies":[{"embeddable":true,"href":"https:\/\/embega.es\/en\/wp-json\/wp\/v2\/comments?post=2308"}],"version-history":[{"count":0,"href":"https:\/\/embega.es\/en\/wp-json\/wp\/v2\/pages\/2308\/revisions"}],"up":[{"embeddable":true,"href":"https:\/\/embega.es\/en\/wp-json\/wp\/v2\/pages\/2300"}],"wp:attachment":[{"href":"https:\/\/embega.es\/en\/wp-json\/wp\/v2\/media?parent=2308"}],"wp:term":[{"taxonomy":"category","embeddable":true,"href":"https:\/\/embega.es\/en\/wp-json\/wp\/v2\/categories?post=2308"},{"taxonomy":"post_tag","embeddable":true,"href":"https:\/\/embega.es\/en\/wp-json\/wp\/v2\/tags?post=2308"}],"curies":[{"name":"wp","href":"https:\/\/api.w.org\/{rel}","templated":true}]}}