{"id":2306,"date":"2022-08-13T20:23:40","date_gmt":"2022-08-13T18:23:40","guid":{"rendered":"https:\/\/embega.es\/embega\/excellence-in-hmi\/products\/aesthetics-covers\/"},"modified":"2023-01-14T20:49:27","modified_gmt":"2023-01-14T19:49:27","slug":"aesthetics-covers","status":"publish","type":"page","link":"https:\/\/embega.es\/en\/embega\/excellence-in-hmi\/products\/aesthetics-covers\/","title":{"rendered":"Aesthetics \/ covers"},"content":{"rendered":"\n\n\t<a href=\"https:\/\/embega.es\/\">Embega<\/a> \/ <a href=\"https:\/\/embega.es\/embega\/excelencia-en-hmi\/\">Excelencia en HMI<\/a> \/ <a href=\"https:\/\/embega.es\/embega\/excelencia-en-hmi\/productos-interfaz-usuario-hmi\/\">Productos<\/a> \/ Est\u00e9tica \/ car\u00e1tulas\n\t\t<h1>\n\t\t\tEst\u00e9tica \/ Car\u00e1tulas\n\t\t<\/h1>\n\t\t\t<p>El mundo cambia y en Embega<br \/>cambiamos con el mundo<\/p>\t\t\n\t\t\t\t<img decoding=\"async\" src=\"https:\/\/embega.es\/wp-content\/uploads\/2022\/11\/embega-hmi-producto-estetica-01-1.jpg\" alt=\"embega-hmi-producto-estetica-01\" itemprop=\"image\" height=\"500\" width=\"900\" title=\"embega-hmi-producto-estetica-01\" onerror=\"this.style.display='none'\"  \/>\n\t\t\t\t<img decoding=\"async\" src=\"https:\/\/embega.es\/wp-content\/uploads\/2022\/12\/embega-hmi-producto-estetica-02.jpg\" alt=\"embega-hmi-producto-estetica-02\" itemprop=\"image\" height=\"500\" width=\"900\" title=\"embega-hmi-producto-estetica-02\" onerror=\"this.style.display='none'\"  \/>\n\t<p>El \u00e9xito de cualquier producto depende en gran medida de la sensaci\u00f3n que experimenta el usuario durante su utilizaci\u00f3n, por eso es tan importante la funci\u00f3n est\u00e9tica del producto.<\/p>\n<p>Desde Embega, somos conscientes de esta importancia y prestamos atenci\u00f3n al m\u00e1s m\u00ednimo detalle. Desarrollamos car\u00e1tulas y frontales impresos mediante t\u00e9cnicas de serigraf\u00eda o impresi\u00f3n digital pudiendo llevar a cabo cualquier dise\u00f1o. Somos capaces de fabricar sobre una gran variedad de sustratos (vidrio, PMMA, madera, metales&#8230;) siendo los m\u00e1s habituales PC y PET, aprovechando nuestras sinergias con el negocio de componentes est\u00e9ticos met\u00e1licos.<\/p>\n<p>Nos ajustamos a distintos tipos de texturas y espesores para encontrar la soluci\u00f3n \u00f3ptima que cada cliente necesita.<\/p>\n\t\t\t\t<img decoding=\"async\" src=\"https:\/\/embega.es\/wp-content\/uploads\/2022\/11\/embega-hmi-producto-estetica-03-1.jpg\" alt=\"embega-hmi-producto-estetica-03\" itemprop=\"image\" height=\"500\" width=\"900\" title=\"embega-hmi-producto-estetica-03\" onerror=\"this.style.display='none'\"  \/>\n<h2>\n\t\t\u00bfTienes alguna duda o consulta que realizar?\n\t<\/h2>\n\t\t\t<a href=\"https:\/\/embega.es\/embega\/contactanos\/\" target=\"_self\" role=\"button\" rel=\"noopener\">\n\t\t\t\t\t\t\tContacta con nosotros\n\t\t\t\t\t<\/a>\n\n","protected":false},"excerpt":{"rendered":"<p>The success of any product depends on the user&#8217;s feeling when using it.<\/p>\n","protected":false},"author":1,"featured_media":0,"parent":2301,"menu_order":5,"comment_status":"closed","ping_status":"closed","template":"","meta":{"inline_featured_image":false,"footnotes":""},"categories":[32],"tags":[],"class_list":["post-2306","page","type-page","status-publish","hentry","category-hmi-interface-products"],"yoast_head":"<!-- This site is optimized with the Yoast SEO plugin v27.4 - https:\/\/yoast.com\/product\/yoast-seo-wordpress\/ -->\n<title>Aesthetics \/ covers - Embega<\/title>\n<meta name=\"robots\" content=\"index, follow, max-snippet:-1, max-image-preview:large, max-video-preview:-1\" \/>\n<link rel=\"canonical\" href=\"https:\/\/embega.es\/en\/embega\/excellence-in-hmi\/products\/aesthetics-covers\/\" \/>\n<meta property=\"og:locale\" content=\"en_US\" \/>\n<meta property=\"og:type\" content=\"article\" \/>\n<meta property=\"og:title\" content=\"Aesthetics \/ covers - Embega\" \/>\n<meta property=\"og:description\" content=\"The success of any product depends on the user&#039;s feeling when using it.\" \/>\n<meta property=\"og:url\" content=\"https:\/\/embega.es\/en\/embega\/excellence-in-hmi\/products\/aesthetics-covers\/\" \/>\n<meta property=\"og:site_name\" content=\"Embega\" \/>\n<meta property=\"article:modified_time\" content=\"2023-01-14T19:49:27+00:00\" \/>\n<meta property=\"og:image\" content=\"https:\/\/embega.es\/wp-content\/uploads\/2022\/11\/embega-hmi-producto-estetica-01-1.jpg\" \/>\n<meta name=\"twitter:card\" content=\"summary_large_image\" \/>\n<meta name=\"twitter:label1\" content=\"Est. reading time\" \/>\n\t<meta name=\"twitter:data1\" content=\"1 minute\" \/>\n<script type=\"application\/ld+json\" class=\"yoast-schema-graph\">{\"@context\":\"https:\\\/\\\/schema.org\",\"@graph\":[{\"@type\":\"WebPage\",\"@id\":\"https:\\\/\\\/embega.es\\\/en\\\/embega\\\/excellence-in-hmi\\\/products\\\/aesthetics-covers\\\/\",\"url\":\"https:\\\/\\\/embega.es\\\/en\\\/embega\\\/excellence-in-hmi\\\/products\\\/aesthetics-covers\\\/\",\"name\":\"Aesthetics \\\/ covers - Embega\",\"isPartOf\":{\"@id\":\"https:\\\/\\\/embega.es\\\/en\\\/#website\"},\"primaryImageOfPage\":{\"@id\":\"https:\\\/\\\/embega.es\\\/en\\\/embega\\\/excellence-in-hmi\\\/products\\\/aesthetics-covers\\\/#primaryimage\"},\"image\":{\"@id\":\"https:\\\/\\\/embega.es\\\/en\\\/embega\\\/excellence-in-hmi\\\/products\\\/aesthetics-covers\\\/#primaryimage\"},\"thumbnailUrl\":\"https:\\\/\\\/embega.es\\\/wp-content\\\/uploads\\\/2022\\\/11\\\/embega-hmi-producto-estetica-01-1.jpg\",\"datePublished\":\"2022-08-13T18:23:40+00:00\",\"dateModified\":\"2023-01-14T19:49:27+00:00\",\"breadcrumb\":{\"@id\":\"https:\\\/\\\/embega.es\\\/en\\\/embega\\\/excellence-in-hmi\\\/products\\\/aesthetics-covers\\\/#breadcrumb\"},\"inLanguage\":\"en-US\",\"potentialAction\":[{\"@type\":\"ReadAction\",\"target\":[\"https:\\\/\\\/embega.es\\\/en\\\/embega\\\/excellence-in-hmi\\\/products\\\/aesthetics-covers\\\/\"]}]},{\"@type\":\"ImageObject\",\"inLanguage\":\"en-US\",\"@id\":\"https:\\\/\\\/embega.es\\\/en\\\/embega\\\/excellence-in-hmi\\\/products\\\/aesthetics-covers\\\/#primaryimage\",\"url\":\"https:\\\/\\\/embega.es\\\/wp-content\\\/uploads\\\/2022\\\/11\\\/embega-hmi-producto-estetica-01-1.jpg\",\"contentUrl\":\"https:\\\/\\\/embega.es\\\/wp-content\\\/uploads\\\/2022\\\/11\\\/embega-hmi-producto-estetica-01-1.jpg\"},{\"@type\":\"BreadcrumbList\",\"@id\":\"https:\\\/\\\/embega.es\\\/en\\\/embega\\\/excellence-in-hmi\\\/products\\\/aesthetics-covers\\\/#breadcrumb\",\"itemListElement\":[{\"@type\":\"ListItem\",\"position\":1,\"name\":\"Embega\",\"item\":\"https:\\\/\\\/embega.es\\\/en\\\/\"},{\"@type\":\"ListItem\",\"position\":2,\"name\":\"Excellence in HMI\",\"item\":\"https:\\\/\\\/embega.es\\\/en\\\/embega\\\/excellence-in-hmi\\\/\"},{\"@type\":\"ListItem\",\"position\":3,\"name\":\"Products\",\"item\":\"https:\\\/\\\/embega.es\\\/en\\\/embega\\\/excellence-in-hmi\\\/products\\\/\"},{\"@type\":\"ListItem\",\"position\":4,\"name\":\"Aesthetics \\\/ covers\"}]},{\"@type\":\"WebSite\",\"@id\":\"https:\\\/\\\/embega.es\\\/en\\\/#website\",\"url\":\"https:\\\/\\\/embega.es\\\/en\\\/\",\"name\":\"Embega\",\"description\":\"Grupo Mondrag\u00f3n\",\"publisher\":{\"@id\":\"https:\\\/\\\/embega.es\\\/en\\\/#organization\"},\"potentialAction\":[{\"@type\":\"SearchAction\",\"target\":{\"@type\":\"EntryPoint\",\"urlTemplate\":\"https:\\\/\\\/embega.es\\\/en\\\/?s={search_term_string}\"},\"query-input\":{\"@type\":\"PropertyValueSpecification\",\"valueRequired\":true,\"valueName\":\"search_term_string\"}}],\"inLanguage\":\"en-US\"},{\"@type\":\"Organization\",\"@id\":\"https:\\\/\\\/embega.es\\\/en\\\/#organization\",\"name\":\"Embega\",\"url\":\"https:\\\/\\\/embega.es\\\/en\\\/\",\"logo\":{\"@type\":\"ImageObject\",\"inLanguage\":\"en-US\",\"@id\":\"https:\\\/\\\/embega.es\\\/en\\\/#\\\/schema\\\/logo\\\/image\\\/\",\"url\":\"\",\"contentUrl\":\"\",\"caption\":\"Embega\"},\"image\":{\"@id\":\"https:\\\/\\\/embega.es\\\/en\\\/#\\\/schema\\\/logo\\\/image\\\/\"}}]}<\/script>\n<!-- \/ Yoast SEO plugin. -->","yoast_head_json":{"title":"Aesthetics \/ covers - Embega","robots":{"index":"index","follow":"follow","max-snippet":"max-snippet:-1","max-image-preview":"max-image-preview:large","max-video-preview":"max-video-preview:-1"},"canonical":"https:\/\/embega.es\/en\/embega\/excellence-in-hmi\/products\/aesthetics-covers\/","og_locale":"en_US","og_type":"article","og_title":"Aesthetics \/ covers - Embega","og_description":"The success of any product depends on the user's feeling when using it.","og_url":"https:\/\/embega.es\/en\/embega\/excellence-in-hmi\/products\/aesthetics-covers\/","og_site_name":"Embega","article_modified_time":"2023-01-14T19:49:27+00:00","og_image":[{"url":"https:\/\/embega.es\/wp-content\/uploads\/2022\/11\/embega-hmi-producto-estetica-01-1.jpg","type":"","width":"","height":""}],"twitter_card":"summary_large_image","twitter_misc":{"Est. reading time":"1 minute"},"schema":{"@context":"https:\/\/schema.org","@graph":[{"@type":"WebPage","@id":"https:\/\/embega.es\/en\/embega\/excellence-in-hmi\/products\/aesthetics-covers\/","url":"https:\/\/embega.es\/en\/embega\/excellence-in-hmi\/products\/aesthetics-covers\/","name":"Aesthetics \/ covers - Embega","isPartOf":{"@id":"https:\/\/embega.es\/en\/#website"},"primaryImageOfPage":{"@id":"https:\/\/embega.es\/en\/embega\/excellence-in-hmi\/products\/aesthetics-covers\/#primaryimage"},"image":{"@id":"https:\/\/embega.es\/en\/embega\/excellence-in-hmi\/products\/aesthetics-covers\/#primaryimage"},"thumbnailUrl":"https:\/\/embega.es\/wp-content\/uploads\/2022\/11\/embega-hmi-producto-estetica-01-1.jpg","datePublished":"2022-08-13T18:23:40+00:00","dateModified":"2023-01-14T19:49:27+00:00","breadcrumb":{"@id":"https:\/\/embega.es\/en\/embega\/excellence-in-hmi\/products\/aesthetics-covers\/#breadcrumb"},"inLanguage":"en-US","potentialAction":[{"@type":"ReadAction","target":["https:\/\/embega.es\/en\/embega\/excellence-in-hmi\/products\/aesthetics-covers\/"]}]},{"@type":"ImageObject","inLanguage":"en-US","@id":"https:\/\/embega.es\/en\/embega\/excellence-in-hmi\/products\/aesthetics-covers\/#primaryimage","url":"https:\/\/embega.es\/wp-content\/uploads\/2022\/11\/embega-hmi-producto-estetica-01-1.jpg","contentUrl":"https:\/\/embega.es\/wp-content\/uploads\/2022\/11\/embega-hmi-producto-estetica-01-1.jpg"},{"@type":"BreadcrumbList","@id":"https:\/\/embega.es\/en\/embega\/excellence-in-hmi\/products\/aesthetics-covers\/#breadcrumb","itemListElement":[{"@type":"ListItem","position":1,"name":"Embega","item":"https:\/\/embega.es\/en\/"},{"@type":"ListItem","position":2,"name":"Excellence in HMI","item":"https:\/\/embega.es\/en\/embega\/excellence-in-hmi\/"},{"@type":"ListItem","position":3,"name":"Products","item":"https:\/\/embega.es\/en\/embega\/excellence-in-hmi\/products\/"},{"@type":"ListItem","position":4,"name":"Aesthetics \/ covers"}]},{"@type":"WebSite","@id":"https:\/\/embega.es\/en\/#website","url":"https:\/\/embega.es\/en\/","name":"Embega","description":"Grupo Mondrag\u00f3n","publisher":{"@id":"https:\/\/embega.es\/en\/#organization"},"potentialAction":[{"@type":"SearchAction","target":{"@type":"EntryPoint","urlTemplate":"https:\/\/embega.es\/en\/?s={search_term_string}"},"query-input":{"@type":"PropertyValueSpecification","valueRequired":true,"valueName":"search_term_string"}}],"inLanguage":"en-US"},{"@type":"Organization","@id":"https:\/\/embega.es\/en\/#organization","name":"Embega","url":"https:\/\/embega.es\/en\/","logo":{"@type":"ImageObject","inLanguage":"en-US","@id":"https:\/\/embega.es\/en\/#\/schema\/logo\/image\/","url":"","contentUrl":"","caption":"Embega"},"image":{"@id":"https:\/\/embega.es\/en\/#\/schema\/logo\/image\/"}}]}},"_links":{"self":[{"href":"https:\/\/embega.es\/en\/wp-json\/wp\/v2\/pages\/2306","targetHints":{"allow":["GET"]}}],"collection":[{"href":"https:\/\/embega.es\/en\/wp-json\/wp\/v2\/pages"}],"about":[{"href":"https:\/\/embega.es\/en\/wp-json\/wp\/v2\/types\/page"}],"author":[{"embeddable":true,"href":"https:\/\/embega.es\/en\/wp-json\/wp\/v2\/users\/1"}],"replies":[{"embeddable":true,"href":"https:\/\/embega.es\/en\/wp-json\/wp\/v2\/comments?post=2306"}],"version-history":[{"count":0,"href":"https:\/\/embega.es\/en\/wp-json\/wp\/v2\/pages\/2306\/revisions"}],"up":[{"embeddable":true,"href":"https:\/\/embega.es\/en\/wp-json\/wp\/v2\/pages\/2301"}],"wp:attachment":[{"href":"https:\/\/embega.es\/en\/wp-json\/wp\/v2\/media?parent=2306"}],"wp:term":[{"taxonomy":"category","embeddable":true,"href":"https:\/\/embega.es\/en\/wp-json\/wp\/v2\/categories?post=2306"},{"taxonomy":"post_tag","embeddable":true,"href":"https:\/\/embega.es\/en\/wp-json\/wp\/v2\/tags?post=2306"}],"curies":[{"name":"wp","href":"https:\/\/api.w.org\/{rel}","templated":true}]}}