{"id":2305,"date":"2022-08-13T20:12:30","date_gmt":"2022-08-13T18:12:30","guid":{"rendered":"https:\/\/embega.es\/embega\/excellence-in-hmi\/products\/integrated-backlight\/"},"modified":"2023-01-14T20:49:21","modified_gmt":"2023-01-14T19:49:21","slug":"integrated-backlight","status":"publish","type":"page","link":"https:\/\/embega.es\/en\/embega\/excellence-in-hmi\/products\/integrated-backlight\/","title":{"rendered":"Integrated backlight"},"content":{"rendered":"\n\n\t<a href=\"https:\/\/embega.es\/\">Embega<\/a> \/ <a href=\"https:\/\/embega.es\/embega\/excelencia-en-hmi\/\">Excelencia en HMI<\/a> \/ <a href=\"https:\/\/embega.es\/embega\/excelencia-en-hmi\/productos-interfaz-usuario-hmi\/\">Productos<\/a> \/ Retroiluminaci\u00f3n integrada\n\t\t<h1>\n\t\t\tRetroiluminaci\u00f3n\n\t\t<\/h1>\n\t\t\t<p>El mundo cambia y en Embega<br \/>cambiamos con el mundo<\/p>\t\t\n\t\t\t\t<img decoding=\"async\" src=\"https:\/\/embega.es\/wp-content\/uploads\/2022\/11\/embega-hmi-producto-retroiluminacion-01-1.jpg\" alt=\"embega-hmi-producto-retroiluminacion-01\" itemprop=\"image\" height=\"500\" width=\"900\" title=\"embega-hmi-producto-retroiluminacion-01\" onerror=\"this.style.display='none'\"  \/>\n\t\t\t\t<img decoding=\"async\" src=\"https:\/\/embega.es\/wp-content\/uploads\/2022\/12\/embega-hmi-producto-retroiluminacion-02.jpg\" alt=\"embega-hmi-producto-retroiluminacion-02\" itemprop=\"image\" height=\"500\" width=\"900\" title=\"embega-hmi-producto-retroiluminacion-02\" onerror=\"this.style.display='none'\"  \/>\n\t<p>La impresi\u00f3n de tintas transparentes conductoras y de entramados de pistas muy finas, permiten el paso de luz, creando interfaces retroiluminados con unas grandes cualidades est\u00e9ticas en un espesor muy reducido.<\/p>\n<h4>Seamsless design (sin costuras, sin l\u00edmites).<\/h4>\n<p>El <strong>efecto Day&amp;Night<\/strong> permite ocultar las superficies t\u00e1ctiles hasta el momento en que pueden ser usadas, generando una elegante e intuitiva experiencia de usuario.<\/p>\n<p>Disponemos de distintas t\u00e9cnicas de iluminaci\u00f3n para garantizar la homogeneidad lum\u00ednica en nuestros productos. Tenemos una dilatada experiencia en patrones de difusi\u00f3n \u00f3pticos para poder desarrollar una retroiluminaci\u00f3n de la mayor calidad.<\/p>\n\t\t\t\t<img decoding=\"async\" src=\"https:\/\/embega.es\/wp-content\/uploads\/2022\/11\/embega-hmi-producto-retroiluminacion-03-1.jpg\" alt=\"embega-hmi-producto-retroiluminacion-03\" itemprop=\"image\" height=\"500\" width=\"900\" title=\"embega-hmi-producto-retroiluminacion-03\" onerror=\"this.style.display='none'\"  \/>\n<h2>\n\t\t\u00bfTienes alguna duda o consulta que realizar?\n\t<\/h2>\n\t\t\t<a href=\"https:\/\/embega.es\/embega\/contactanos\/\" target=\"_self\" role=\"button\" rel=\"noopener\">\n\t\t\t\t\t\t\tContacta con nosotros\n\t\t\t\t\t<\/a>\n\n","protected":false},"excerpt":{"rendered":"<p>By backlighting we mean the printing of transparent conductive inks and very thin track webs&#8230;<\/p>\n","protected":false},"author":1,"featured_media":0,"parent":2301,"menu_order":4,"comment_status":"closed","ping_status":"closed","template":"","meta":{"inline_featured_image":false,"footnotes":""},"categories":[32],"tags":[],"class_list":["post-2305","page","type-page","status-publish","hentry","category-hmi-interface-products"],"yoast_head":"<!-- This site is optimized with the Yoast SEO plugin v27.5 - https:\/\/yoast.com\/product\/yoast-seo-wordpress\/ -->\n<title>Integrated backlight - Embega<\/title>\n<meta name=\"robots\" content=\"index, follow, max-snippet:-1, max-image-preview:large, max-video-preview:-1\" \/>\n<link rel=\"canonical\" href=\"https:\/\/embega.es\/en\/embega\/excellence-in-hmi\/products\/integrated-backlight\/\" \/>\n<meta property=\"og:locale\" content=\"en_US\" \/>\n<meta property=\"og:type\" content=\"article\" \/>\n<meta property=\"og:title\" content=\"Integrated backlight - Embega\" \/>\n<meta property=\"og:description\" content=\"By backlighting we mean the printing of transparent conductive inks and very thin track webs...\" \/>\n<meta property=\"og:url\" content=\"https:\/\/embega.es\/en\/embega\/excellence-in-hmi\/products\/integrated-backlight\/\" \/>\n<meta property=\"og:site_name\" content=\"Embega\" \/>\n<meta property=\"article:modified_time\" content=\"2023-01-14T19:49:21+00:00\" \/>\n<meta property=\"og:image\" content=\"https:\/\/embega.es\/wp-content\/uploads\/2022\/11\/embega-hmi-producto-retroiluminacion-01-1.jpg\" \/>\n<meta name=\"twitter:card\" content=\"summary_large_image\" \/>\n<meta name=\"twitter:label1\" content=\"Est. reading time\" \/>\n\t<meta name=\"twitter:data1\" content=\"1 minute\" \/>\n<script type=\"application\/ld+json\" class=\"yoast-schema-graph\">{\"@context\":\"https:\\\/\\\/schema.org\",\"@graph\":[{\"@type\":\"WebPage\",\"@id\":\"https:\\\/\\\/embega.es\\\/en\\\/embega\\\/excellence-in-hmi\\\/products\\\/integrated-backlight\\\/\",\"url\":\"https:\\\/\\\/embega.es\\\/en\\\/embega\\\/excellence-in-hmi\\\/products\\\/integrated-backlight\\\/\",\"name\":\"Integrated backlight - Embega\",\"isPartOf\":{\"@id\":\"https:\\\/\\\/embega.es\\\/en\\\/#website\"},\"primaryImageOfPage\":{\"@id\":\"https:\\\/\\\/embega.es\\\/en\\\/embega\\\/excellence-in-hmi\\\/products\\\/integrated-backlight\\\/#primaryimage\"},\"image\":{\"@id\":\"https:\\\/\\\/embega.es\\\/en\\\/embega\\\/excellence-in-hmi\\\/products\\\/integrated-backlight\\\/#primaryimage\"},\"thumbnailUrl\":\"https:\\\/\\\/embega.es\\\/wp-content\\\/uploads\\\/2022\\\/11\\\/embega-hmi-producto-retroiluminacion-01-1.jpg\",\"datePublished\":\"2022-08-13T18:12:30+00:00\",\"dateModified\":\"2023-01-14T19:49:21+00:00\",\"breadcrumb\":{\"@id\":\"https:\\\/\\\/embega.es\\\/en\\\/embega\\\/excellence-in-hmi\\\/products\\\/integrated-backlight\\\/#breadcrumb\"},\"inLanguage\":\"en-US\",\"potentialAction\":[{\"@type\":\"ReadAction\",\"target\":[\"https:\\\/\\\/embega.es\\\/en\\\/embega\\\/excellence-in-hmi\\\/products\\\/integrated-backlight\\\/\"]}]},{\"@type\":\"ImageObject\",\"inLanguage\":\"en-US\",\"@id\":\"https:\\\/\\\/embega.es\\\/en\\\/embega\\\/excellence-in-hmi\\\/products\\\/integrated-backlight\\\/#primaryimage\",\"url\":\"https:\\\/\\\/embega.es\\\/wp-content\\\/uploads\\\/2022\\\/11\\\/embega-hmi-producto-retroiluminacion-01-1.jpg\",\"contentUrl\":\"https:\\\/\\\/embega.es\\\/wp-content\\\/uploads\\\/2022\\\/11\\\/embega-hmi-producto-retroiluminacion-01-1.jpg\"},{\"@type\":\"BreadcrumbList\",\"@id\":\"https:\\\/\\\/embega.es\\\/en\\\/embega\\\/excellence-in-hmi\\\/products\\\/integrated-backlight\\\/#breadcrumb\",\"itemListElement\":[{\"@type\":\"ListItem\",\"position\":1,\"name\":\"Embega\",\"item\":\"https:\\\/\\\/embega.es\\\/en\\\/\"},{\"@type\":\"ListItem\",\"position\":2,\"name\":\"Excellence in HMI\",\"item\":\"https:\\\/\\\/embega.es\\\/en\\\/embega\\\/excellence-in-hmi\\\/\"},{\"@type\":\"ListItem\",\"position\":3,\"name\":\"Products\",\"item\":\"https:\\\/\\\/embega.es\\\/en\\\/embega\\\/excellence-in-hmi\\\/products\\\/\"},{\"@type\":\"ListItem\",\"position\":4,\"name\":\"Integrated backlight\"}]},{\"@type\":\"WebSite\",\"@id\":\"https:\\\/\\\/embega.es\\\/en\\\/#website\",\"url\":\"https:\\\/\\\/embega.es\\\/en\\\/\",\"name\":\"Embega\",\"description\":\"Grupo Mondrag\u00f3n\",\"publisher\":{\"@id\":\"https:\\\/\\\/embega.es\\\/en\\\/#organization\"},\"potentialAction\":[{\"@type\":\"SearchAction\",\"target\":{\"@type\":\"EntryPoint\",\"urlTemplate\":\"https:\\\/\\\/embega.es\\\/en\\\/?s={search_term_string}\"},\"query-input\":{\"@type\":\"PropertyValueSpecification\",\"valueRequired\":true,\"valueName\":\"search_term_string\"}}],\"inLanguage\":\"en-US\"},{\"@type\":\"Organization\",\"@id\":\"https:\\\/\\\/embega.es\\\/en\\\/#organization\",\"name\":\"Embega\",\"url\":\"https:\\\/\\\/embega.es\\\/en\\\/\",\"logo\":{\"@type\":\"ImageObject\",\"inLanguage\":\"en-US\",\"@id\":\"https:\\\/\\\/embega.es\\\/en\\\/#\\\/schema\\\/logo\\\/image\\\/\",\"url\":\"\",\"contentUrl\":\"\",\"caption\":\"Embega\"},\"image\":{\"@id\":\"https:\\\/\\\/embega.es\\\/en\\\/#\\\/schema\\\/logo\\\/image\\\/\"}}]}<\/script>\n<!-- \/ Yoast SEO plugin. -->","yoast_head_json":{"title":"Integrated backlight - Embega","robots":{"index":"index","follow":"follow","max-snippet":"max-snippet:-1","max-image-preview":"max-image-preview:large","max-video-preview":"max-video-preview:-1"},"canonical":"https:\/\/embega.es\/en\/embega\/excellence-in-hmi\/products\/integrated-backlight\/","og_locale":"en_US","og_type":"article","og_title":"Integrated backlight - Embega","og_description":"By backlighting we mean the printing of transparent conductive inks and very thin track webs...","og_url":"https:\/\/embega.es\/en\/embega\/excellence-in-hmi\/products\/integrated-backlight\/","og_site_name":"Embega","article_modified_time":"2023-01-14T19:49:21+00:00","og_image":[{"url":"https:\/\/embega.es\/wp-content\/uploads\/2022\/11\/embega-hmi-producto-retroiluminacion-01-1.jpg","type":"","width":"","height":""}],"twitter_card":"summary_large_image","twitter_misc":{"Est. reading time":"1 minute"},"schema":{"@context":"https:\/\/schema.org","@graph":[{"@type":"WebPage","@id":"https:\/\/embega.es\/en\/embega\/excellence-in-hmi\/products\/integrated-backlight\/","url":"https:\/\/embega.es\/en\/embega\/excellence-in-hmi\/products\/integrated-backlight\/","name":"Integrated backlight - Embega","isPartOf":{"@id":"https:\/\/embega.es\/en\/#website"},"primaryImageOfPage":{"@id":"https:\/\/embega.es\/en\/embega\/excellence-in-hmi\/products\/integrated-backlight\/#primaryimage"},"image":{"@id":"https:\/\/embega.es\/en\/embega\/excellence-in-hmi\/products\/integrated-backlight\/#primaryimage"},"thumbnailUrl":"https:\/\/embega.es\/wp-content\/uploads\/2022\/11\/embega-hmi-producto-retroiluminacion-01-1.jpg","datePublished":"2022-08-13T18:12:30+00:00","dateModified":"2023-01-14T19:49:21+00:00","breadcrumb":{"@id":"https:\/\/embega.es\/en\/embega\/excellence-in-hmi\/products\/integrated-backlight\/#breadcrumb"},"inLanguage":"en-US","potentialAction":[{"@type":"ReadAction","target":["https:\/\/embega.es\/en\/embega\/excellence-in-hmi\/products\/integrated-backlight\/"]}]},{"@type":"ImageObject","inLanguage":"en-US","@id":"https:\/\/embega.es\/en\/embega\/excellence-in-hmi\/products\/integrated-backlight\/#primaryimage","url":"https:\/\/embega.es\/wp-content\/uploads\/2022\/11\/embega-hmi-producto-retroiluminacion-01-1.jpg","contentUrl":"https:\/\/embega.es\/wp-content\/uploads\/2022\/11\/embega-hmi-producto-retroiluminacion-01-1.jpg"},{"@type":"BreadcrumbList","@id":"https:\/\/embega.es\/en\/embega\/excellence-in-hmi\/products\/integrated-backlight\/#breadcrumb","itemListElement":[{"@type":"ListItem","position":1,"name":"Embega","item":"https:\/\/embega.es\/en\/"},{"@type":"ListItem","position":2,"name":"Excellence in HMI","item":"https:\/\/embega.es\/en\/embega\/excellence-in-hmi\/"},{"@type":"ListItem","position":3,"name":"Products","item":"https:\/\/embega.es\/en\/embega\/excellence-in-hmi\/products\/"},{"@type":"ListItem","position":4,"name":"Integrated backlight"}]},{"@type":"WebSite","@id":"https:\/\/embega.es\/en\/#website","url":"https:\/\/embega.es\/en\/","name":"Embega","description":"Grupo Mondrag\u00f3n","publisher":{"@id":"https:\/\/embega.es\/en\/#organization"},"potentialAction":[{"@type":"SearchAction","target":{"@type":"EntryPoint","urlTemplate":"https:\/\/embega.es\/en\/?s={search_term_string}"},"query-input":{"@type":"PropertyValueSpecification","valueRequired":true,"valueName":"search_term_string"}}],"inLanguage":"en-US"},{"@type":"Organization","@id":"https:\/\/embega.es\/en\/#organization","name":"Embega","url":"https:\/\/embega.es\/en\/","logo":{"@type":"ImageObject","inLanguage":"en-US","@id":"https:\/\/embega.es\/en\/#\/schema\/logo\/image\/","url":"","contentUrl":"","caption":"Embega"},"image":{"@id":"https:\/\/embega.es\/en\/#\/schema\/logo\/image\/"}}]}},"_links":{"self":[{"href":"https:\/\/embega.es\/en\/wp-json\/wp\/v2\/pages\/2305","targetHints":{"allow":["GET"]}}],"collection":[{"href":"https:\/\/embega.es\/en\/wp-json\/wp\/v2\/pages"}],"about":[{"href":"https:\/\/embega.es\/en\/wp-json\/wp\/v2\/types\/page"}],"author":[{"embeddable":true,"href":"https:\/\/embega.es\/en\/wp-json\/wp\/v2\/users\/1"}],"replies":[{"embeddable":true,"href":"https:\/\/embega.es\/en\/wp-json\/wp\/v2\/comments?post=2305"}],"version-history":[{"count":0,"href":"https:\/\/embega.es\/en\/wp-json\/wp\/v2\/pages\/2305\/revisions"}],"up":[{"embeddable":true,"href":"https:\/\/embega.es\/en\/wp-json\/wp\/v2\/pages\/2301"}],"wp:attachment":[{"href":"https:\/\/embega.es\/en\/wp-json\/wp\/v2\/media?parent=2305"}],"wp:term":[{"taxonomy":"category","embeddable":true,"href":"https:\/\/embega.es\/en\/wp-json\/wp\/v2\/categories?post=2305"},{"taxonomy":"post_tag","embeddable":true,"href":"https:\/\/embega.es\/en\/wp-json\/wp\/v2\/tags?post=2305"}],"curies":[{"name":"wp","href":"https:\/\/api.w.org\/{rel}","templated":true}]}}