{"id":2304,"date":"2022-08-13T20:08:48","date_gmt":"2022-08-13T18:08:48","guid":{"rendered":"https:\/\/embega.es\/embega\/excellence-in-hmi\/products\/membrane-switches\/"},"modified":"2023-01-14T20:49:15","modified_gmt":"2023-01-14T19:49:15","slug":"membrane-switches","status":"publish","type":"page","link":"https:\/\/embega.es\/en\/embega\/excellence-in-hmi\/products\/membrane-switches\/","title":{"rendered":"Membrane keyboards"},"content":{"rendered":"\n\n\t<a href=\"https:\/\/embega.es\/\">Embega<\/a> \/ <a href=\"https:\/\/embega.es\/embega\/excelencia-en-hmi\/\">Excelencia en HMI<\/a> \/ <a href=\"https:\/\/embega.es\/embega\/excelencia-en-hmi\/productos-interfaz-usuario-hmi\/\">Productos<\/a> \/ Teclado de membrana\n\t\t<h1>\n\t\t\tTeclado de membrana\n\t\t<\/h1>\n\t\t\t<p>El mundo cambia y en Embega<br \/>cambiamos con el mundo<\/p>\t\t\n\t\t\t\t<img decoding=\"async\" src=\"https:\/\/embega.es\/wp-content\/uploads\/2022\/11\/hdmi-teclado-membrana-01.jpg\" alt=\"hdmi-teclado-membrana-01\" itemprop=\"image\" height=\"500\" width=\"900\" title=\"hdmi-teclado-membrana-01\" onerror=\"this.style.display='none'\"  \/>\n\t\t\t\t<img decoding=\"async\" src=\"https:\/\/embega.es\/wp-content\/uploads\/2022\/11\/hdmi-teclado-membrana-02.jpg\" alt=\"hdmi-teclado-membrana-02\" itemprop=\"image\" height=\"500\" width=\"900\" title=\"hdmi-teclado-membrana-02\" onerror=\"this.style.display='none'\"  \/>\n\t<p>Los teclados de membrana son la soluci\u00f3n tradicional para las interfaces hombre-m\u00e1quina que se han consolidado por su solidez, fiabilidad y rentabilidad. Son la tecnolog\u00eda escogida para los entornos con condiciones m\u00e1s exigentes.<\/p>\n<p>Los teclados de membrana pueden ser perfectamente estancos al polvo y al agua y resistentes a los productos qu\u00edmicos y otras formas de contaminaci\u00f3n, lo que los hace id\u00f3neos para entornos exteriores e industriales. Adem\u00e1s, son sencillo de limpiar, lo que permite mantener unas condiciones de higiene m\u00e1ximas en cualquier entorno.<\/p>\n<p>Los teclados de membrana fabricados en Embega disponen de una retroalimentaci\u00f3n t\u00e1ctil que hacen la experiencia de usuario m\u00e1s agradable e intuitiva. Nuestros productos generan un efecto de pulsaci\u00f3n id\u00f3neo que garantizan un contacto fiable.<\/p>\n\t\t\t\t<img decoding=\"async\" src=\"https:\/\/embega.es\/wp-content\/uploads\/2022\/12\/hmi-teclado-membrana-03-1.jpg\" alt=\"hmi-teclado-membrana-03\" itemprop=\"image\" height=\"500\" width=\"900\" title=\"hmi-teclado-membrana-03\" onerror=\"this.style.display='none'\"  \/>\n<h2>\n\t\t\u00bfTienes alguna duda o consulta que realizar?\n\t<\/h2>\n\t\t\t<a href=\"https:\/\/embega.es\/embega\/contactanos\/\" target=\"_self\" role=\"button\" rel=\"noopener\">\n\t\t\t\t\t\t\tContacta con nosotros\n\t\t\t\t\t<\/a>\n\n","protected":false},"excerpt":{"rendered":"<p>Membrane keyboards are the traditional solution for human-machine interfaces that have been consolidated for their robustness\u2026<\/p>\n","protected":false},"author":1,"featured_media":0,"parent":2301,"menu_order":3,"comment_status":"closed","ping_status":"closed","template":"","meta":{"inline_featured_image":false,"footnotes":""},"categories":[32],"tags":[],"class_list":["post-2304","page","type-page","status-publish","hentry","category-hmi-interface-products"],"yoast_head":"<!-- This site is optimized with the Yoast SEO plugin v27.5 - https:\/\/yoast.com\/product\/yoast-seo-wordpress\/ -->\n<title>Membrane keyboards - Embega<\/title>\n<meta name=\"robots\" content=\"index, follow, max-snippet:-1, max-image-preview:large, max-video-preview:-1\" \/>\n<link rel=\"canonical\" href=\"https:\/\/embega.es\/en\/embega\/excellence-in-hmi\/products\/membrane-switches\/\" \/>\n<meta property=\"og:locale\" content=\"en_US\" \/>\n<meta property=\"og:type\" content=\"article\" \/>\n<meta property=\"og:title\" content=\"Membrane keyboards - Embega\" \/>\n<meta property=\"og:description\" content=\"Membrane keyboards are the traditional solution for human-machine interfaces that have been consolidated for their robustness\u2026\" \/>\n<meta property=\"og:url\" content=\"https:\/\/embega.es\/en\/embega\/excellence-in-hmi\/products\/membrane-switches\/\" \/>\n<meta property=\"og:site_name\" content=\"Embega\" \/>\n<meta property=\"article:modified_time\" content=\"2023-01-14T19:49:15+00:00\" \/>\n<meta property=\"og:image\" content=\"https:\/\/embega.es\/wp-content\/uploads\/2022\/11\/hdmi-teclado-membrana-01.jpg\" \/>\n<meta name=\"twitter:card\" content=\"summary_large_image\" \/>\n<meta name=\"twitter:label1\" content=\"Est. reading time\" \/>\n\t<meta name=\"twitter:data1\" content=\"1 minute\" \/>\n<script type=\"application\/ld+json\" class=\"yoast-schema-graph\">{\"@context\":\"https:\\\/\\\/schema.org\",\"@graph\":[{\"@type\":\"WebPage\",\"@id\":\"https:\\\/\\\/embega.es\\\/en\\\/embega\\\/excellence-in-hmi\\\/products\\\/membrane-switches\\\/\",\"url\":\"https:\\\/\\\/embega.es\\\/en\\\/embega\\\/excellence-in-hmi\\\/products\\\/membrane-switches\\\/\",\"name\":\"Membrane keyboards - Embega\",\"isPartOf\":{\"@id\":\"https:\\\/\\\/embega.es\\\/en\\\/#website\"},\"primaryImageOfPage\":{\"@id\":\"https:\\\/\\\/embega.es\\\/en\\\/embega\\\/excellence-in-hmi\\\/products\\\/membrane-switches\\\/#primaryimage\"},\"image\":{\"@id\":\"https:\\\/\\\/embega.es\\\/en\\\/embega\\\/excellence-in-hmi\\\/products\\\/membrane-switches\\\/#primaryimage\"},\"thumbnailUrl\":\"https:\\\/\\\/embega.es\\\/wp-content\\\/uploads\\\/2022\\\/11\\\/hdmi-teclado-membrana-01.jpg\",\"datePublished\":\"2022-08-13T18:08:48+00:00\",\"dateModified\":\"2023-01-14T19:49:15+00:00\",\"breadcrumb\":{\"@id\":\"https:\\\/\\\/embega.es\\\/en\\\/embega\\\/excellence-in-hmi\\\/products\\\/membrane-switches\\\/#breadcrumb\"},\"inLanguage\":\"en-US\",\"potentialAction\":[{\"@type\":\"ReadAction\",\"target\":[\"https:\\\/\\\/embega.es\\\/en\\\/embega\\\/excellence-in-hmi\\\/products\\\/membrane-switches\\\/\"]}]},{\"@type\":\"ImageObject\",\"inLanguage\":\"en-US\",\"@id\":\"https:\\\/\\\/embega.es\\\/en\\\/embega\\\/excellence-in-hmi\\\/products\\\/membrane-switches\\\/#primaryimage\",\"url\":\"https:\\\/\\\/embega.es\\\/wp-content\\\/uploads\\\/2022\\\/11\\\/hdmi-teclado-membrana-01.jpg\",\"contentUrl\":\"https:\\\/\\\/embega.es\\\/wp-content\\\/uploads\\\/2022\\\/11\\\/hdmi-teclado-membrana-01.jpg\"},{\"@type\":\"BreadcrumbList\",\"@id\":\"https:\\\/\\\/embega.es\\\/en\\\/embega\\\/excellence-in-hmi\\\/products\\\/membrane-switches\\\/#breadcrumb\",\"itemListElement\":[{\"@type\":\"ListItem\",\"position\":1,\"name\":\"Embega\",\"item\":\"https:\\\/\\\/embega.es\\\/en\\\/\"},{\"@type\":\"ListItem\",\"position\":2,\"name\":\"Excellence in HMI\",\"item\":\"https:\\\/\\\/embega.es\\\/en\\\/embega\\\/excellence-in-hmi\\\/\"},{\"@type\":\"ListItem\",\"position\":3,\"name\":\"Products\",\"item\":\"https:\\\/\\\/embega.es\\\/en\\\/embega\\\/excellence-in-hmi\\\/products\\\/\"},{\"@type\":\"ListItem\",\"position\":4,\"name\":\"Membrane keyboards\"}]},{\"@type\":\"WebSite\",\"@id\":\"https:\\\/\\\/embega.es\\\/en\\\/#website\",\"url\":\"https:\\\/\\\/embega.es\\\/en\\\/\",\"name\":\"Embega\",\"description\":\"Grupo Mondrag\u00f3n\",\"publisher\":{\"@id\":\"https:\\\/\\\/embega.es\\\/en\\\/#organization\"},\"potentialAction\":[{\"@type\":\"SearchAction\",\"target\":{\"@type\":\"EntryPoint\",\"urlTemplate\":\"https:\\\/\\\/embega.es\\\/en\\\/?s={search_term_string}\"},\"query-input\":{\"@type\":\"PropertyValueSpecification\",\"valueRequired\":true,\"valueName\":\"search_term_string\"}}],\"inLanguage\":\"en-US\"},{\"@type\":\"Organization\",\"@id\":\"https:\\\/\\\/embega.es\\\/en\\\/#organization\",\"name\":\"Embega\",\"url\":\"https:\\\/\\\/embega.es\\\/en\\\/\",\"logo\":{\"@type\":\"ImageObject\",\"inLanguage\":\"en-US\",\"@id\":\"https:\\\/\\\/embega.es\\\/en\\\/#\\\/schema\\\/logo\\\/image\\\/\",\"url\":\"\",\"contentUrl\":\"\",\"caption\":\"Embega\"},\"image\":{\"@id\":\"https:\\\/\\\/embega.es\\\/en\\\/#\\\/schema\\\/logo\\\/image\\\/\"}}]}<\/script>\n<!-- \/ Yoast SEO plugin. -->","yoast_head_json":{"title":"Membrane keyboards - Embega","robots":{"index":"index","follow":"follow","max-snippet":"max-snippet:-1","max-image-preview":"max-image-preview:large","max-video-preview":"max-video-preview:-1"},"canonical":"https:\/\/embega.es\/en\/embega\/excellence-in-hmi\/products\/membrane-switches\/","og_locale":"en_US","og_type":"article","og_title":"Membrane keyboards - Embega","og_description":"Membrane keyboards are the traditional solution for human-machine interfaces that have been consolidated for their robustness\u2026","og_url":"https:\/\/embega.es\/en\/embega\/excellence-in-hmi\/products\/membrane-switches\/","og_site_name":"Embega","article_modified_time":"2023-01-14T19:49:15+00:00","og_image":[{"url":"https:\/\/embega.es\/wp-content\/uploads\/2022\/11\/hdmi-teclado-membrana-01.jpg","type":"","width":"","height":""}],"twitter_card":"summary_large_image","twitter_misc":{"Est. reading time":"1 minute"},"schema":{"@context":"https:\/\/schema.org","@graph":[{"@type":"WebPage","@id":"https:\/\/embega.es\/en\/embega\/excellence-in-hmi\/products\/membrane-switches\/","url":"https:\/\/embega.es\/en\/embega\/excellence-in-hmi\/products\/membrane-switches\/","name":"Membrane keyboards - Embega","isPartOf":{"@id":"https:\/\/embega.es\/en\/#website"},"primaryImageOfPage":{"@id":"https:\/\/embega.es\/en\/embega\/excellence-in-hmi\/products\/membrane-switches\/#primaryimage"},"image":{"@id":"https:\/\/embega.es\/en\/embega\/excellence-in-hmi\/products\/membrane-switches\/#primaryimage"},"thumbnailUrl":"https:\/\/embega.es\/wp-content\/uploads\/2022\/11\/hdmi-teclado-membrana-01.jpg","datePublished":"2022-08-13T18:08:48+00:00","dateModified":"2023-01-14T19:49:15+00:00","breadcrumb":{"@id":"https:\/\/embega.es\/en\/embega\/excellence-in-hmi\/products\/membrane-switches\/#breadcrumb"},"inLanguage":"en-US","potentialAction":[{"@type":"ReadAction","target":["https:\/\/embega.es\/en\/embega\/excellence-in-hmi\/products\/membrane-switches\/"]}]},{"@type":"ImageObject","inLanguage":"en-US","@id":"https:\/\/embega.es\/en\/embega\/excellence-in-hmi\/products\/membrane-switches\/#primaryimage","url":"https:\/\/embega.es\/wp-content\/uploads\/2022\/11\/hdmi-teclado-membrana-01.jpg","contentUrl":"https:\/\/embega.es\/wp-content\/uploads\/2022\/11\/hdmi-teclado-membrana-01.jpg"},{"@type":"BreadcrumbList","@id":"https:\/\/embega.es\/en\/embega\/excellence-in-hmi\/products\/membrane-switches\/#breadcrumb","itemListElement":[{"@type":"ListItem","position":1,"name":"Embega","item":"https:\/\/embega.es\/en\/"},{"@type":"ListItem","position":2,"name":"Excellence in HMI","item":"https:\/\/embega.es\/en\/embega\/excellence-in-hmi\/"},{"@type":"ListItem","position":3,"name":"Products","item":"https:\/\/embega.es\/en\/embega\/excellence-in-hmi\/products\/"},{"@type":"ListItem","position":4,"name":"Membrane keyboards"}]},{"@type":"WebSite","@id":"https:\/\/embega.es\/en\/#website","url":"https:\/\/embega.es\/en\/","name":"Embega","description":"Grupo Mondrag\u00f3n","publisher":{"@id":"https:\/\/embega.es\/en\/#organization"},"potentialAction":[{"@type":"SearchAction","target":{"@type":"EntryPoint","urlTemplate":"https:\/\/embega.es\/en\/?s={search_term_string}"},"query-input":{"@type":"PropertyValueSpecification","valueRequired":true,"valueName":"search_term_string"}}],"inLanguage":"en-US"},{"@type":"Organization","@id":"https:\/\/embega.es\/en\/#organization","name":"Embega","url":"https:\/\/embega.es\/en\/","logo":{"@type":"ImageObject","inLanguage":"en-US","@id":"https:\/\/embega.es\/en\/#\/schema\/logo\/image\/","url":"","contentUrl":"","caption":"Embega"},"image":{"@id":"https:\/\/embega.es\/en\/#\/schema\/logo\/image\/"}}]}},"_links":{"self":[{"href":"https:\/\/embega.es\/en\/wp-json\/wp\/v2\/pages\/2304","targetHints":{"allow":["GET"]}}],"collection":[{"href":"https:\/\/embega.es\/en\/wp-json\/wp\/v2\/pages"}],"about":[{"href":"https:\/\/embega.es\/en\/wp-json\/wp\/v2\/types\/page"}],"author":[{"embeddable":true,"href":"https:\/\/embega.es\/en\/wp-json\/wp\/v2\/users\/1"}],"replies":[{"embeddable":true,"href":"https:\/\/embega.es\/en\/wp-json\/wp\/v2\/comments?post=2304"}],"version-history":[{"count":0,"href":"https:\/\/embega.es\/en\/wp-json\/wp\/v2\/pages\/2304\/revisions"}],"up":[{"embeddable":true,"href":"https:\/\/embega.es\/en\/wp-json\/wp\/v2\/pages\/2301"}],"wp:attachment":[{"href":"https:\/\/embega.es\/en\/wp-json\/wp\/v2\/media?parent=2304"}],"wp:term":[{"taxonomy":"category","embeddable":true,"href":"https:\/\/embega.es\/en\/wp-json\/wp\/v2\/categories?post=2304"},{"taxonomy":"post_tag","embeddable":true,"href":"https:\/\/embega.es\/en\/wp-json\/wp\/v2\/tags?post=2304"}],"curies":[{"name":"wp","href":"https:\/\/api.w.org\/{rel}","templated":true}]}}