{"id":2302,"date":"2022-08-13T17:50:55","date_gmt":"2022-08-13T15:50:55","guid":{"rendered":"https:\/\/embega.es\/embega\/excellence-in-hmi\/products\/capacitive-sensor\/"},"modified":"2023-01-14T20:49:51","modified_gmt":"2023-01-14T19:49:51","slug":"capacitive-sensor","status":"publish","type":"page","link":"https:\/\/embega.es\/en\/embega\/excellence-in-hmi\/products\/capacitive-sensor\/","title":{"rendered":"Capacitive Sensor"},"content":{"rendered":"\n<a href=\"https:\/\/embega.es\/en\/\">Embega<\/a> \/ <a href=\"https:\/\/embega.es\/en\/embega\/excellence-in-hmi\/\">Excelencia en HMI<\/a> \/ <a href=\"https:\/\/embega.es\/en\/embega\/excellence-in-hmi\/products\/\">Productos<\/a> \/ Sensor Capacitivo\n\t\t<h1>\n\t\t\tSensor Capacitivo\n\t\t<\/h1>\n\t\t\t<p>El mundo cambia y en Embega<br>cambiamos con el mundo<\/p>\t\t\n\t\t\t\t<img decoding=\"async\" src=\"https:\/\/embega.es\/wp-content\/uploads\/2022\/11\/sensores-producto-01.jpg\" alt=\"sensores-producto-01\" itemprop=\"image\" height=\"500\" width=\"900\" title=\"sensores-producto-01\" onerror=\"this.style.display='none'\">\n\t\t\t\t<img decoding=\"async\" src=\"https:\/\/embega.es\/wp-content\/uploads\/2022\/11\/sensores-producto-02.jpg\" alt=\"sensores-producto-02\" itemprop=\"image\" height=\"500\" width=\"900\" title=\"sensores-producto-02\" onerror=\"this.style.display='none'\">\n\t<p><strong>Los sensores capacitivos<\/strong> permiten la selecci\u00f3n mediante un simple toque o deslizamiento del dedo sobre una superficie.<\/p>\n<p>Es una tecnolog\u00eda sencilla e intuitiva que es capaz de funcionar sobre una amplia gama de superficies para una gran cantidad de sectores y aplicaciones.<\/p>\n\t\t\t\t<p>Producto personalizable homologado bajo los est\u00e1ndares de calidad de automoci\u00f3n y l\u00ednea blanca<\/p>\n\t\t\t\t\n\t<p>Se pueden combinar con <strong>retroiluminaci\u00f3n<\/strong> para llevar a cabo productos con un alto nivel de funcionalidad, est\u00e9tica y personalizaci\u00f3n.<\/p>\n<p>Los sensores capacitivos flexibles son un producto muy vers\u00e1til en cuanto a dise\u00f1o, tama\u00f1o y geometr\u00eda de los electrodos, pudi\u00e9ndose adaptar a cualquier aplicaci\u00f3n. La impresi\u00f3n sobre un sustrato flexible hace que esto sensores se pueden adaptar a todo tipo de superficies curvas.<\/p>\n\t\t\t\t<img decoding=\"async\" src=\"https:\/\/embega.es\/wp-content\/uploads\/2022\/11\/sensores-producto-03.jpg\" alt=\"sensores-producto-03\" itemprop=\"image\" height=\"500\" width=\"900\" title=\"sensores-producto-03\" onerror=\"this.style.display='none'\">\n\t\t\t\t<img decoding=\"async\" src=\"https:\/\/embega.es\/wp-content\/uploads\/2022\/12\/sensores-producto-04.jpg\" alt=\"sensores-producto-04\" itemprop=\"image\" height=\"500\" width=\"900\" title=\"sensores-producto-04\" onerror=\"this.style.display='none'\">\n<h2>\n\t\t\u00bfTienes alguna duda o consulta que realizar?\n\t<\/h2>\n\t\t\t<a href=\"https:\/\/embega.es\/en\/embega\/contact-us\/\" target=\"_self\" role=\"button\" rel=\"noopener\">\n\t\t\t\t\t\t\tContacta con nosotros\n\t\t\t\t\t<\/a>\n","protected":false},"excerpt":{"rendered":"<p>The development of new tactile user interfaces has led to the generation of new user experiences&#8230;<\/p>\n","protected":false},"author":1,"featured_media":0,"parent":2301,"menu_order":1,"comment_status":"closed","ping_status":"closed","template":"","meta":{"inline_featured_image":false,"footnotes":""},"categories":[32],"tags":[],"class_list":["post-2302","page","type-page","status-publish","hentry","category-hmi-interface-products"],"yoast_head":"<!-- This site is optimized with the Yoast SEO plugin v27.4 - https:\/\/yoast.com\/product\/yoast-seo-wordpress\/ -->\n<title>Capacitive Sensor - Embega<\/title>\n<meta name=\"robots\" content=\"index, follow, max-snippet:-1, max-image-preview:large, max-video-preview:-1\" \/>\n<link rel=\"canonical\" href=\"https:\/\/embega.es\/en\/embega\/excellence-in-hmi\/products\/capacitive-sensor\/\" \/>\n<meta property=\"og:locale\" content=\"en_US\" \/>\n<meta property=\"og:type\" content=\"article\" \/>\n<meta property=\"og:title\" content=\"Capacitive Sensor - Embega\" \/>\n<meta property=\"og:description\" content=\"The development of new tactile user interfaces has led to the generation of new user experiences...\" \/>\n<meta property=\"og:url\" content=\"https:\/\/embega.es\/en\/embega\/excellence-in-hmi\/products\/capacitive-sensor\/\" \/>\n<meta property=\"og:site_name\" content=\"Embega\" \/>\n<meta property=\"article:modified_time\" content=\"2023-01-14T19:49:51+00:00\" \/>\n<meta property=\"og:image\" content=\"https:\/\/embega.es\/wp-content\/uploads\/2022\/11\/sensores-producto-01.jpg\" \/>\n<meta name=\"twitter:card\" content=\"summary_large_image\" \/>\n<meta name=\"twitter:label1\" content=\"Est. reading time\" \/>\n\t<meta name=\"twitter:data1\" content=\"1 minute\" \/>\n<script type=\"application\/ld+json\" class=\"yoast-schema-graph\">{\"@context\":\"https:\\\/\\\/schema.org\",\"@graph\":[{\"@type\":\"WebPage\",\"@id\":\"https:\\\/\\\/embega.es\\\/en\\\/embega\\\/excellence-in-hmi\\\/products\\\/capacitive-sensor\\\/\",\"url\":\"https:\\\/\\\/embega.es\\\/en\\\/embega\\\/excellence-in-hmi\\\/products\\\/capacitive-sensor\\\/\",\"name\":\"Capacitive Sensor - Embega\",\"isPartOf\":{\"@id\":\"https:\\\/\\\/embega.es\\\/en\\\/#website\"},\"primaryImageOfPage\":{\"@id\":\"https:\\\/\\\/embega.es\\\/en\\\/embega\\\/excellence-in-hmi\\\/products\\\/capacitive-sensor\\\/#primaryimage\"},\"image\":{\"@id\":\"https:\\\/\\\/embega.es\\\/en\\\/embega\\\/excellence-in-hmi\\\/products\\\/capacitive-sensor\\\/#primaryimage\"},\"thumbnailUrl\":\"https:\\\/\\\/embega.es\\\/wp-content\\\/uploads\\\/2022\\\/11\\\/sensores-producto-01.jpg\",\"datePublished\":\"2022-08-13T15:50:55+00:00\",\"dateModified\":\"2023-01-14T19:49:51+00:00\",\"breadcrumb\":{\"@id\":\"https:\\\/\\\/embega.es\\\/en\\\/embega\\\/excellence-in-hmi\\\/products\\\/capacitive-sensor\\\/#breadcrumb\"},\"inLanguage\":\"en-US\",\"potentialAction\":[{\"@type\":\"ReadAction\",\"target\":[\"https:\\\/\\\/embega.es\\\/en\\\/embega\\\/excellence-in-hmi\\\/products\\\/capacitive-sensor\\\/\"]}]},{\"@type\":\"ImageObject\",\"inLanguage\":\"en-US\",\"@id\":\"https:\\\/\\\/embega.es\\\/en\\\/embega\\\/excellence-in-hmi\\\/products\\\/capacitive-sensor\\\/#primaryimage\",\"url\":\"https:\\\/\\\/embega.es\\\/wp-content\\\/uploads\\\/2022\\\/11\\\/sensores-producto-01.jpg\",\"contentUrl\":\"https:\\\/\\\/embega.es\\\/wp-content\\\/uploads\\\/2022\\\/11\\\/sensores-producto-01.jpg\"},{\"@type\":\"BreadcrumbList\",\"@id\":\"https:\\\/\\\/embega.es\\\/en\\\/embega\\\/excellence-in-hmi\\\/products\\\/capacitive-sensor\\\/#breadcrumb\",\"itemListElement\":[{\"@type\":\"ListItem\",\"position\":1,\"name\":\"Embega\",\"item\":\"https:\\\/\\\/embega.es\\\/en\\\/\"},{\"@type\":\"ListItem\",\"position\":2,\"name\":\"Excellence in HMI\",\"item\":\"https:\\\/\\\/embega.es\\\/en\\\/embega\\\/excellence-in-hmi\\\/\"},{\"@type\":\"ListItem\",\"position\":3,\"name\":\"Products\",\"item\":\"https:\\\/\\\/embega.es\\\/en\\\/embega\\\/excellence-in-hmi\\\/products\\\/\"},{\"@type\":\"ListItem\",\"position\":4,\"name\":\"Capacitive Sensor\"}]},{\"@type\":\"WebSite\",\"@id\":\"https:\\\/\\\/embega.es\\\/en\\\/#website\",\"url\":\"https:\\\/\\\/embega.es\\\/en\\\/\",\"name\":\"Embega\",\"description\":\"Grupo Mondrag\u00f3n\",\"publisher\":{\"@id\":\"https:\\\/\\\/embega.es\\\/en\\\/#organization\"},\"potentialAction\":[{\"@type\":\"SearchAction\",\"target\":{\"@type\":\"EntryPoint\",\"urlTemplate\":\"https:\\\/\\\/embega.es\\\/en\\\/?s={search_term_string}\"},\"query-input\":{\"@type\":\"PropertyValueSpecification\",\"valueRequired\":true,\"valueName\":\"search_term_string\"}}],\"inLanguage\":\"en-US\"},{\"@type\":\"Organization\",\"@id\":\"https:\\\/\\\/embega.es\\\/en\\\/#organization\",\"name\":\"Embega\",\"url\":\"https:\\\/\\\/embega.es\\\/en\\\/\",\"logo\":{\"@type\":\"ImageObject\",\"inLanguage\":\"en-US\",\"@id\":\"https:\\\/\\\/embega.es\\\/en\\\/#\\\/schema\\\/logo\\\/image\\\/\",\"url\":\"\",\"contentUrl\":\"\",\"caption\":\"Embega\"},\"image\":{\"@id\":\"https:\\\/\\\/embega.es\\\/en\\\/#\\\/schema\\\/logo\\\/image\\\/\"}}]}<\/script>\n<!-- \/ Yoast SEO plugin. -->","yoast_head_json":{"title":"Capacitive Sensor - Embega","robots":{"index":"index","follow":"follow","max-snippet":"max-snippet:-1","max-image-preview":"max-image-preview:large","max-video-preview":"max-video-preview:-1"},"canonical":"https:\/\/embega.es\/en\/embega\/excellence-in-hmi\/products\/capacitive-sensor\/","og_locale":"en_US","og_type":"article","og_title":"Capacitive Sensor - Embega","og_description":"The development of new tactile user interfaces has led to the generation of new user experiences...","og_url":"https:\/\/embega.es\/en\/embega\/excellence-in-hmi\/products\/capacitive-sensor\/","og_site_name":"Embega","article_modified_time":"2023-01-14T19:49:51+00:00","og_image":[{"url":"https:\/\/embega.es\/wp-content\/uploads\/2022\/11\/sensores-producto-01.jpg","type":"","width":"","height":""}],"twitter_card":"summary_large_image","twitter_misc":{"Est. reading time":"1 minute"},"schema":{"@context":"https:\/\/schema.org","@graph":[{"@type":"WebPage","@id":"https:\/\/embega.es\/en\/embega\/excellence-in-hmi\/products\/capacitive-sensor\/","url":"https:\/\/embega.es\/en\/embega\/excellence-in-hmi\/products\/capacitive-sensor\/","name":"Capacitive Sensor - Embega","isPartOf":{"@id":"https:\/\/embega.es\/en\/#website"},"primaryImageOfPage":{"@id":"https:\/\/embega.es\/en\/embega\/excellence-in-hmi\/products\/capacitive-sensor\/#primaryimage"},"image":{"@id":"https:\/\/embega.es\/en\/embega\/excellence-in-hmi\/products\/capacitive-sensor\/#primaryimage"},"thumbnailUrl":"https:\/\/embega.es\/wp-content\/uploads\/2022\/11\/sensores-producto-01.jpg","datePublished":"2022-08-13T15:50:55+00:00","dateModified":"2023-01-14T19:49:51+00:00","breadcrumb":{"@id":"https:\/\/embega.es\/en\/embega\/excellence-in-hmi\/products\/capacitive-sensor\/#breadcrumb"},"inLanguage":"en-US","potentialAction":[{"@type":"ReadAction","target":["https:\/\/embega.es\/en\/embega\/excellence-in-hmi\/products\/capacitive-sensor\/"]}]},{"@type":"ImageObject","inLanguage":"en-US","@id":"https:\/\/embega.es\/en\/embega\/excellence-in-hmi\/products\/capacitive-sensor\/#primaryimage","url":"https:\/\/embega.es\/wp-content\/uploads\/2022\/11\/sensores-producto-01.jpg","contentUrl":"https:\/\/embega.es\/wp-content\/uploads\/2022\/11\/sensores-producto-01.jpg"},{"@type":"BreadcrumbList","@id":"https:\/\/embega.es\/en\/embega\/excellence-in-hmi\/products\/capacitive-sensor\/#breadcrumb","itemListElement":[{"@type":"ListItem","position":1,"name":"Embega","item":"https:\/\/embega.es\/en\/"},{"@type":"ListItem","position":2,"name":"Excellence in HMI","item":"https:\/\/embega.es\/en\/embega\/excellence-in-hmi\/"},{"@type":"ListItem","position":3,"name":"Products","item":"https:\/\/embega.es\/en\/embega\/excellence-in-hmi\/products\/"},{"@type":"ListItem","position":4,"name":"Capacitive Sensor"}]},{"@type":"WebSite","@id":"https:\/\/embega.es\/en\/#website","url":"https:\/\/embega.es\/en\/","name":"Embega","description":"Grupo Mondrag\u00f3n","publisher":{"@id":"https:\/\/embega.es\/en\/#organization"},"potentialAction":[{"@type":"SearchAction","target":{"@type":"EntryPoint","urlTemplate":"https:\/\/embega.es\/en\/?s={search_term_string}"},"query-input":{"@type":"PropertyValueSpecification","valueRequired":true,"valueName":"search_term_string"}}],"inLanguage":"en-US"},{"@type":"Organization","@id":"https:\/\/embega.es\/en\/#organization","name":"Embega","url":"https:\/\/embega.es\/en\/","logo":{"@type":"ImageObject","inLanguage":"en-US","@id":"https:\/\/embega.es\/en\/#\/schema\/logo\/image\/","url":"","contentUrl":"","caption":"Embega"},"image":{"@id":"https:\/\/embega.es\/en\/#\/schema\/logo\/image\/"}}]}},"_links":{"self":[{"href":"https:\/\/embega.es\/en\/wp-json\/wp\/v2\/pages\/2302","targetHints":{"allow":["GET"]}}],"collection":[{"href":"https:\/\/embega.es\/en\/wp-json\/wp\/v2\/pages"}],"about":[{"href":"https:\/\/embega.es\/en\/wp-json\/wp\/v2\/types\/page"}],"author":[{"embeddable":true,"href":"https:\/\/embega.es\/en\/wp-json\/wp\/v2\/users\/1"}],"replies":[{"embeddable":true,"href":"https:\/\/embega.es\/en\/wp-json\/wp\/v2\/comments?post=2302"}],"version-history":[{"count":0,"href":"https:\/\/embega.es\/en\/wp-json\/wp\/v2\/pages\/2302\/revisions"}],"up":[{"embeddable":true,"href":"https:\/\/embega.es\/en\/wp-json\/wp\/v2\/pages\/2301"}],"wp:attachment":[{"href":"https:\/\/embega.es\/en\/wp-json\/wp\/v2\/media?parent=2302"}],"wp:term":[{"taxonomy":"category","embeddable":true,"href":"https:\/\/embega.es\/en\/wp-json\/wp\/v2\/categories?post=2302"},{"taxonomy":"post_tag","embeddable":true,"href":"https:\/\/embega.es\/en\/wp-json\/wp\/v2\/tags?post=2302"}],"curies":[{"name":"wp","href":"https:\/\/api.w.org\/{rel}","templated":true}]}}